{"id":539,"date":"2025-11-12T00:50:38","date_gmt":"2025-11-12T00:50:38","guid":{"rendered":"https:\/\/www.leansa.se\/?page_id=539"},"modified":"2025-11-12T00:54:25","modified_gmt":"2025-11-12T00:54:25","slug":"bli-en-av-oss","status":"publish","type":"page","link":"https:\/\/www.leansa.se\/en\/bli-en-av-oss\/","title":{"rendered":"Become one of us"},"content":{"rendered":"<div data-elementor-type=\"wp-page\" data-elementor-id=\"539\" class=\"elementor elementor-539\" data-elementor-post-type=\"page\">\n\t\t\t\t<div class=\"elementor-element elementor-element-1da7d6d hero-inner e-flex e-con-boxed e-con e-parent\" data-id=\"1da7d6d\" data-element_type=\"container\" data-settings=\"{&quot;background_background&quot;:&quot;classic&quot;}\">\n\t\t\t\t\t<div class=\"e-con-inner\">\n\t\t\t\t<div class=\"elementor-element elementor-element-41bc21f elementor-widget elementor-widget-heading\" data-id=\"41bc21f\" data-element_type=\"widget\" data-widget_type=\"heading.default\">\n\t\t\t\t<div class=\"elementor-widget-container\">\n\t\t\t\t\t<h1 class=\"elementor-heading-title elementor-size-default\">Open application<\/h1>\t\t\t\t<\/div>\n\t\t\t\t<\/div>\n\t\t\t\t\t<\/div>\n\t\t\t\t<\/div>\n\t\t<div class=\"elementor-element elementor-element-d64b2e1 py-70 e-flex e-con-boxed e-con e-parent\" data-id=\"d64b2e1\" data-element_type=\"container\">\n\t\t\t\t\t<div class=\"e-con-inner\">\n\t\t\t\t<div class=\"elementor-element elementor-element-e296012 elementor-widget elementor-widget-heading\" data-id=\"e296012\" data-element_type=\"widget\" data-widget_type=\"heading.default\">\n\t\t\t\t<div class=\"elementor-widget-container\">\n\t\t\t\t\t<h2 class=\"elementor-heading-title elementor-size-default\">Become one of us\n<\/h2>\t\t\t\t<\/div>\n\t\t\t\t<\/div>\n\t\t\t\t<div class=\"elementor-element elementor-element-78c362a elementor-widget elementor-widget-text-editor\" data-id=\"78c362a\" data-element_type=\"widget\" data-widget_type=\"text-editor.default\">\n\t\t\t\t<div class=\"elementor-widget-container\">\n\t\t\t\t\t\t\t\t\t<div class=\"elementor-element elementor-element-402944d elementor-widget elementor-widget-heading\" data-id=\"402944d\" data-element_type=\"widget\" data-widget_type=\"heading.default\"><div class=\"elementor-widget-container\"><p class=\"elementor-heading-title elementor-size-default\">At Leansa, we work to provide our clients with high-quality and cost-effective financial\nadministration. This brings exciting and meaningful challenges for all employees and we\napproach them with commitment, warmth and humility. If this sounds like an environment\nwhere you would thrive, we would be happy to meet you.<\/p><p>Send your CV and tell us a bit about yourself to:<br \/><b>info@leansa.se<\/b><\/p><\/div><\/div>\t\t\t\t\t\t\t\t<\/div>\n\t\t\t\t<\/div>\n\t\t\t\t\t<\/div>\n\t\t\t\t<\/div>\n\t\t\t\t<\/div>","protected":false},"excerpt":{"rendered":"<p>SPONTANANS\u00d6KAN BLI EN AV OSS P\u00e5 Leansa jobbar vi f\u00f6r att erbjuda v\u00e5ra kunder en h\u00f6gkvalitativ och kostnadseffektiv ekonomiadministration. Det inneb\u00e4r sp\u00e4nnande och utvecklande utmaningar f\u00f6r alla medarbetare, utmaningar som vi f\u00f6rs\u00f6ker l\u00f6sa med engagemang, v\u00e4rme och \u00f6dmjukhet. Vi tr\u00e4ffar g\u00e4rna dig som tycker detta l\u00e5ter toppen. Skicka in ditt CV och ber\u00e4tta vem du [&hellip;]<\/p>","protected":false},"author":1,"featured_media":0,"parent":0,"menu_order":0,"comment_status":"closed","ping_status":"closed","template":"elementor_header_footer","meta":{"_acf_changed":false,"footnotes":""},"class_list":["post-539","page","type-page","status-publish","hentry"],"acf":[],"yoast_head":"<!-- This site is optimized with the Yoast SEO plugin v26.5 - https:\/\/yoast.com\/wordpress\/plugins\/seo\/ -->\n<title>BLI EN AV OSS - Leansa<\/title>\n<meta name=\"robots\" content=\"index, follow, max-snippet:-1, max-image-preview:large, max-video-preview:-1\" \/>\n<link rel=\"canonical\" href=\"https:\/\/www.leansa.se\/en\/bli-en-av-oss\/\" \/>\n<meta property=\"og:locale\" content=\"en_US\" \/>\n<meta property=\"og:type\" content=\"article\" \/>\n<meta property=\"og:title\" content=\"BLI EN AV OSS - Leansa\" \/>\n<meta property=\"og:description\" content=\"SPONTANANS\u00d6KAN BLI EN AV OSS P\u00e5 Leansa jobbar vi f\u00f6r att erbjuda v\u00e5ra kunder en h\u00f6gkvalitativ och kostnadseffektiv ekonomiadministration. Det inneb\u00e4r sp\u00e4nnande och utvecklande utmaningar f\u00f6r alla medarbetare, utmaningar som vi f\u00f6rs\u00f6ker l\u00f6sa med engagemang, v\u00e4rme och \u00f6dmjukhet. Vi tr\u00e4ffar g\u00e4rna dig som tycker detta l\u00e5ter toppen. Skicka in ditt CV och ber\u00e4tta vem du [&hellip;]\" \/>\n<meta property=\"og:url\" content=\"https:\/\/www.leansa.se\/en\/bli-en-av-oss\/\" \/>\n<meta property=\"og:site_name\" content=\"Leansa\" \/>\n<meta property=\"article:modified_time\" content=\"2025-11-12T00:54:25+00:00\" \/>\n<meta name=\"twitter:card\" content=\"summary_large_image\" \/>\n<meta name=\"twitter:label1\" content=\"Est. reading time\" \/>\n\t<meta name=\"twitter:data1\" content=\"1 minute\" \/>\n<script type=\"application\/ld+json\" class=\"yoast-schema-graph\">{\"@context\":\"https:\/\/schema.org\",\"@graph\":[{\"@type\":\"WebPage\",\"@id\":\"https:\/\/www.leansa.se\/bli-en-av-oss\/\",\"url\":\"https:\/\/www.leansa.se\/bli-en-av-oss\/\",\"name\":\"BLI EN AV OSS - Leansa\",\"isPartOf\":{\"@id\":\"https:\/\/www.leansa.se\/#website\"},\"datePublished\":\"2025-11-12T00:50:38+00:00\",\"dateModified\":\"2025-11-12T00:54:25+00:00\",\"breadcrumb\":{\"@id\":\"https:\/\/www.leansa.se\/bli-en-av-oss\/#breadcrumb\"},\"inLanguage\":\"en-US\",\"potentialAction\":[{\"@type\":\"ReadAction\",\"target\":[\"https:\/\/www.leansa.se\/bli-en-av-oss\/\"]}]},{\"@type\":\"BreadcrumbList\",\"@id\":\"https:\/\/www.leansa.se\/bli-en-av-oss\/#breadcrumb\",\"itemListElement\":[{\"@type\":\"ListItem\",\"position\":1,\"name\":\"Home\",\"item\":\"https:\/\/www.leansa.se\/\"},{\"@type\":\"ListItem\",\"position\":2,\"name\":\"BLI EN AV OSS\"}]},{\"@type\":\"WebSite\",\"@id\":\"https:\/\/www.leansa.se\/#website\",\"url\":\"https:\/\/www.leansa.se\/\",\"name\":\"Leansa\",\"description\":\"\",\"potentialAction\":[{\"@type\":\"SearchAction\",\"target\":{\"@type\":\"EntryPoint\",\"urlTemplate\":\"https:\/\/www.leansa.se\/?s={search_term_string}\"},\"query-input\":{\"@type\":\"PropertyValueSpecification\",\"valueRequired\":true,\"valueName\":\"search_term_string\"}}],\"inLanguage\":\"en-US\"}]}<\/script>\n<!-- \/ Yoast SEO plugin. -->","yoast_head_json":{"title":"BLI EN AV OSS - Leansa","robots":{"index":"index","follow":"follow","max-snippet":"max-snippet:-1","max-image-preview":"max-image-preview:large","max-video-preview":"max-video-preview:-1"},"canonical":"https:\/\/www.leansa.se\/en\/bli-en-av-oss\/","og_locale":"en_US","og_type":"article","og_title":"BLI EN AV OSS - Leansa","og_description":"SPONTANANS\u00d6KAN BLI EN AV OSS P\u00e5 Leansa jobbar vi f\u00f6r att erbjuda v\u00e5ra kunder en h\u00f6gkvalitativ och kostnadseffektiv ekonomiadministration. Det inneb\u00e4r sp\u00e4nnande och utvecklande utmaningar f\u00f6r alla medarbetare, utmaningar som vi f\u00f6rs\u00f6ker l\u00f6sa med engagemang, v\u00e4rme och \u00f6dmjukhet. Vi tr\u00e4ffar g\u00e4rna dig som tycker detta l\u00e5ter toppen. Skicka in ditt CV och ber\u00e4tta vem du [&hellip;]","og_url":"https:\/\/www.leansa.se\/en\/bli-en-av-oss\/","og_site_name":"Leansa","article_modified_time":"2025-11-12T00:54:25+00:00","twitter_card":"summary_large_image","twitter_misc":{"Est. reading time":"1 minute"},"schema":{"@context":"https:\/\/schema.org","@graph":[{"@type":"WebPage","@id":"https:\/\/www.leansa.se\/bli-en-av-oss\/","url":"https:\/\/www.leansa.se\/bli-en-av-oss\/","name":"BLI EN AV OSS - Leansa","isPartOf":{"@id":"https:\/\/www.leansa.se\/#website"},"datePublished":"2025-11-12T00:50:38+00:00","dateModified":"2025-11-12T00:54:25+00:00","breadcrumb":{"@id":"https:\/\/www.leansa.se\/bli-en-av-oss\/#breadcrumb"},"inLanguage":"en-US","potentialAction":[{"@type":"ReadAction","target":["https:\/\/www.leansa.se\/bli-en-av-oss\/"]}]},{"@type":"BreadcrumbList","@id":"https:\/\/www.leansa.se\/bli-en-av-oss\/#breadcrumb","itemListElement":[{"@type":"ListItem","position":1,"name":"Home","item":"https:\/\/www.leansa.se\/"},{"@type":"ListItem","position":2,"name":"BLI EN AV OSS"}]},{"@type":"WebSite","@id":"https:\/\/www.leansa.se\/#website","url":"https:\/\/www.leansa.se\/","name":"Leansa","description":"","potentialAction":[{"@type":"SearchAction","target":{"@type":"EntryPoint","urlTemplate":"https:\/\/www.leansa.se\/?s={search_term_string}"},"query-input":{"@type":"PropertyValueSpecification","valueRequired":true,"valueName":"search_term_string"}}],"inLanguage":"en-US"}]}},"_links":{"self":[{"href":"https:\/\/www.leansa.se\/en\/wp-json\/wp\/v2\/pages\/539","targetHints":{"allow":["GET"]}}],"collection":[{"href":"https:\/\/www.leansa.se\/en\/wp-json\/wp\/v2\/pages"}],"about":[{"href":"https:\/\/www.leansa.se\/en\/wp-json\/wp\/v2\/types\/page"}],"author":[{"embeddable":true,"href":"https:\/\/www.leansa.se\/en\/wp-json\/wp\/v2\/users\/1"}],"replies":[{"embeddable":true,"href":"https:\/\/www.leansa.se\/en\/wp-json\/wp\/v2\/comments?post=539"}],"version-history":[{"count":10,"href":"https:\/\/www.leansa.se\/en\/wp-json\/wp\/v2\/pages\/539\/revisions"}],"predecessor-version":[{"id":560,"href":"https:\/\/www.leansa.se\/en\/wp-json\/wp\/v2\/pages\/539\/revisions\/560"}],"wp:attachment":[{"href":"https:\/\/www.leansa.se\/en\/wp-json\/wp\/v2\/media?parent=539"}],"curies":[{"name":"wp","href":"https:\/\/api.w.org\/{rel}","templated":true}]}}