{"id":414,"date":"2025-10-15T06:37:53","date_gmt":"2025-10-15T06:37:53","guid":{"rendered":"https:\/\/www.leansa.se\/?page_id=414"},"modified":"2025-12-04T23:38:56","modified_gmt":"2025-12-04T23:38:56","slug":"foretagsregistreringar-och-hantering","status":"publish","type":"page","link":"https:\/\/www.leansa.se\/en\/foretagsregistreringar-och-hantering\/","title":{"rendered":"F\u00f6retagsregistreringar &amp; administration \u2013 Starta f\u00f6retag med Leansa"},"content":{"rendered":"<div data-elementor-type=\"wp-page\" data-elementor-id=\"414\" class=\"elementor elementor-414\" data-elementor-post-type=\"page\">\n\t\t\t\t<div class=\"elementor-element elementor-element-1be9bc2 hero-inner e-flex e-con-boxed e-con e-parent\" data-id=\"1be9bc2\" data-element_type=\"container\" data-settings=\"{&quot;background_background&quot;:&quot;classic&quot;}\">\n\t\t\t\t\t<div class=\"e-con-inner\">\n\t\t\t\t<div class=\"elementor-element elementor-element-0f7cd28 elementor-widget elementor-widget-heading\" data-id=\"0f7cd28\" data-element_type=\"widget\" data-widget_type=\"heading.default\">\n\t\t\t\t<div class=\"elementor-widget-container\">\n\t\t\t\t\t<h1 class=\"elementor-heading-title elementor-size-default\">Business registration &amp; management <\/h1>\t\t\t\t<\/div>\n\t\t\t\t<\/div>\n\t\t\t\t<div class=\"elementor-element elementor-element-b268ed4 elementor-widget elementor-widget-text-editor\" data-id=\"b268ed4\" data-element_type=\"widget\" data-widget_type=\"text-editor.default\">\n\t\t\t\t<div class=\"elementor-widget-container\">\n\t\t\t\t\t\t\t\t\t<p><span style=\"font-weight: 400;\">Leansa helps you start and manage your business the right way. Whether you are setting up\na limited company, registering a sole proprietorship or changing your business structure, we\nmake sure the process is smooth, compliant and correct from the very beginning. <\/span><\/p>\t\t\t\t\t\t\t\t<\/div>\n\t\t\t\t<\/div>\n\t\t\t\t\t<\/div>\n\t\t\t\t<\/div>\n\t\t<div class=\"elementor-element elementor-element-1e1369d py-70 e-flex e-con-boxed e-con e-parent\" data-id=\"1e1369d\" data-element_type=\"container\" data-settings=\"{&quot;background_background&quot;:&quot;classic&quot;}\">\n\t\t\t\t\t<div class=\"e-con-inner\">\n\t\t<div class=\"elementor-element elementor-element-6a720c6 e-con-full e-flex e-con e-child\" data-id=\"6a720c6\" data-element_type=\"container\" data-settings=\"{&quot;background_background&quot;:&quot;classic&quot;}\">\n\t\t<div class=\"elementor-element elementor-element-bf9ccf9 e-con-full e-flex e-con e-child\" data-id=\"bf9ccf9\" data-element_type=\"container\">\n\t\t\t\t<div class=\"elementor-element elementor-element-eaf5f07 elementor-widget elementor-widget-image\" data-id=\"eaf5f07\" data-element_type=\"widget\" data-widget_type=\"image.default\">\n\t\t\t\t<div class=\"elementor-widget-container\">\n\t\t\t\t\t\t\t\t\t\t\t\t\t\t\t<img fetchpriority=\"high\" decoding=\"async\" width=\"475\" height=\"565\" src=\"https:\/\/www.leansa.se\/wp-content\/uploads\/2025\/10\/Rectangle-19957.jpg\" class=\"attachment-large size-large wp-image-39\" alt=\"\" srcset=\"https:\/\/www.leansa.se\/wp-content\/uploads\/2025\/10\/Rectangle-19957.jpg 475w, https:\/\/www.leansa.se\/wp-content\/uploads\/2025\/10\/Rectangle-19957-252x300.jpg 252w\" sizes=\"(max-width: 475px) 100vw, 475px\" \/>\t\t\t\t\t\t\t\t\t\t\t\t\t\t\t<\/div>\n\t\t\t\t<\/div>\n\t\t<div class=\"elementor-element elementor-element-b300bbc e-con-full e-flex e-con e-child\" data-id=\"b300bbc\" data-element_type=\"container\">\n\t\t\t\t<div class=\"elementor-element elementor-element-66bc88f elementor-widget elementor-widget-heading\" data-id=\"66bc88f\" data-element_type=\"widget\" data-widget_type=\"heading.default\">\n\t\t\t\t<div class=\"elementor-widget-container\">\n\t\t\t\t\t<h2 class=\"elementor-heading-title elementor-size-default\">Simplifying company registration and administration<\/h2>\t\t\t\t<\/div>\n\t\t\t\t<\/div>\n\t\t\t\t<div class=\"elementor-element elementor-element-3beb5ec elementor-widget elementor-widget-text-editor\" data-id=\"3beb5ec\" data-element_type=\"widget\" data-widget_type=\"text-editor.default\">\n\t\t\t\t<div class=\"elementor-widget-container\">\n\t\t\t\t\t\t\t\t\t<p><span style=\"font-weight: 400;\">Starting or changing a company often involves more administration than expected. At\nLeansa, we manage the entire process, from registration with the Swedish Companies\nRegistration Office and the Swedish Tax Agency to VAT and employer registrations.<\/span><\/p><p><span style=\"font-weight: 400;\">We also take care of ownership changes, updates to the share register and modifications to\nthe board of directors, registered office or business description. By handling both\nadministration and communication with the authorities, we help you save time and reduce\nthe risk of mistakes.\u00a0<\/span><\/p><p><span style=\"font-weight: 400;\">Our advisory services guide you in choosing the right legal structure and tax setup based on\nyour goals and circumstances. With Leansa as your partner, you can start with confidence\nand focus on developing your business instead of getting caught up in paperwork.<\/span><\/p>\t\t\t\t\t\t\t\t<\/div>\n\t\t\t\t<\/div>\n\t\t\t\t<\/div>\n\t\t\t\t<\/div>\n\t\t\t\t<\/div>\n\t\t\t\t\t<\/div>\n\t\t\t\t<\/div>\n\t\t\t\t<\/div>","protected":false},"excerpt":{"rendered":"<p>F\u00f6retagsregistreringar Leansa hj\u00e4lper dig att starta och administrera ditt f\u00f6retag p\u00e5 r\u00e4tt s\u00e4tt. Oavsett om du ska starta aktiebolag, registrera enskild firma eller byta f\u00f6retagsform ser vi till att processen blir smidig och korrekt fr\u00e5n b\u00f6rjan. F\u00e5 hj\u00e4lp med registrering av f\u00f6retag och bolags\u00e4ndringar Att starta eller f\u00f6r\u00e4ndra ett f\u00f6retag inneb\u00e4r ofta mer administration \u00e4n [&hellip;]<\/p>","protected":false},"author":1,"featured_media":0,"parent":0,"menu_order":0,"comment_status":"closed","ping_status":"closed","template":"elementor_header_footer","meta":{"_acf_changed":false,"footnotes":""},"class_list":["post-414","page","type-page","status-publish","hentry"],"acf":[],"yoast_head":"<!-- This site is optimized with the Yoast SEO plugin v26.5 - https:\/\/yoast.com\/wordpress\/plugins\/seo\/ -->\n<title>Business registration | Leansa \u2013 Company setup and management<\/title>\n<meta name=\"description\" content=\"Leansa supports company setup, business registration and corporate changes. We handle authorities, ownership updates, board changes and ongoing company administration.\" \/>\n<meta name=\"robots\" content=\"index, follow, max-snippet:-1, max-image-preview:large, max-video-preview:-1\" \/>\n<link rel=\"canonical\" href=\"https:\/\/www.leansa.se\/en\/foretagsregistreringar-och-hantering\/\" \/>\n<meta property=\"og:locale\" content=\"en_US\" \/>\n<meta property=\"og:type\" content=\"article\" \/>\n<meta property=\"og:title\" content=\"F\u00f6retagsregistreringar | Leansa \u2013 Administration &amp; bolags\u00e4ndringar\" \/>\n<meta property=\"og:description\" content=\"Leansa hj\u00e4lper dig med f\u00f6retagsregistreringar, administration och \u00e4ndringar hosBolagsverket och Skatteverket. Smidig hantering av \u00e4garf\u00f6r\u00e4ndringar, styrelse ochbolagsuppgifter.\" \/>\n<meta property=\"og:url\" content=\"https:\/\/www.leansa.se\/en\/foretagsregistreringar-och-hantering\/\" \/>\n<meta property=\"og:site_name\" content=\"Leansa\" \/>\n<meta property=\"article:modified_time\" content=\"2025-12-04T23:38:56+00:00\" \/>\n<meta property=\"og:image\" content=\"https:\/\/www.leansa.se\/wp-content\/uploads\/2025\/10\/Rectangle-19957.jpg\" \/>\n<meta name=\"twitter:card\" content=\"summary_large_image\" \/>\n<meta name=\"twitter:label1\" content=\"Est. reading time\" \/>\n\t<meta name=\"twitter:data1\" content=\"1 minute\" \/>\n<script type=\"application\/ld+json\" class=\"yoast-schema-graph\">{\"@context\":\"https:\/\/schema.org\",\"@graph\":[{\"@type\":\"WebPage\",\"@id\":\"https:\/\/www.leansa.se\/foretagsregistreringar-och-hantering\/\",\"url\":\"https:\/\/www.leansa.se\/foretagsregistreringar-och-hantering\/\",\"name\":\"F\u00f6retagsregistreringar | Leansa \u2013 Administration & bolags\u00e4ndringar\",\"isPartOf\":{\"@id\":\"https:\/\/www.leansa.se\/#website\"},\"primaryImageOfPage\":{\"@id\":\"https:\/\/www.leansa.se\/foretagsregistreringar-och-hantering\/#primaryimage\"},\"image\":{\"@id\":\"https:\/\/www.leansa.se\/foretagsregistreringar-och-hantering\/#primaryimage\"},\"thumbnailUrl\":\"https:\/\/www.leansa.se\/wp-content\/uploads\/2025\/10\/Rectangle-19957.jpg\",\"datePublished\":\"2025-10-15T06:37:53+00:00\",\"dateModified\":\"2025-12-04T23:38:56+00:00\",\"description\":\"Leansa hj\u00e4lper dig med f\u00f6retagsregistreringar, administration och \u00e4ndringar hosBolagsverket och Skatteverket. Smidig hantering av \u00e4garf\u00f6r\u00e4ndringar, styrelse ochbolagsuppgifter.\",\"breadcrumb\":{\"@id\":\"https:\/\/www.leansa.se\/foretagsregistreringar-och-hantering\/#breadcrumb\"},\"inLanguage\":\"en-US\",\"potentialAction\":[{\"@type\":\"ReadAction\",\"target\":[\"https:\/\/www.leansa.se\/foretagsregistreringar-och-hantering\/\"]}]},{\"@type\":\"ImageObject\",\"inLanguage\":\"en-US\",\"@id\":\"https:\/\/www.leansa.se\/foretagsregistreringar-och-hantering\/#primaryimage\",\"url\":\"https:\/\/www.leansa.se\/wp-content\/uploads\/2025\/10\/Rectangle-19957.jpg\",\"contentUrl\":\"https:\/\/www.leansa.se\/wp-content\/uploads\/2025\/10\/Rectangle-19957.jpg\"},{\"@type\":\"BreadcrumbList\",\"@id\":\"https:\/\/www.leansa.se\/foretagsregistreringar-och-hantering\/#breadcrumb\",\"itemListElement\":[{\"@type\":\"ListItem\",\"position\":1,\"name\":\"Home\",\"item\":\"https:\/\/www.leansa.se\/\"},{\"@type\":\"ListItem\",\"position\":2,\"name\":\"F\u00f6retagsregistreringar &amp; administration \u2013 Starta f\u00f6retag med Leansa\"}]},{\"@type\":\"WebSite\",\"@id\":\"https:\/\/www.leansa.se\/#website\",\"url\":\"https:\/\/www.leansa.se\/\",\"name\":\"Leansa\",\"description\":\"\",\"potentialAction\":[{\"@type\":\"SearchAction\",\"target\":{\"@type\":\"EntryPoint\",\"urlTemplate\":\"https:\/\/www.leansa.se\/?s={search_term_string}\"},\"query-input\":{\"@type\":\"PropertyValueSpecification\",\"valueRequired\":true,\"valueName\":\"search_term_string\"}}],\"inLanguage\":\"en-US\"}]}<\/script>\n<!-- \/ Yoast SEO plugin. -->","yoast_head_json":{"title":"Business registration | Leansa \u2013 Company setup and management","description":"Leansa supports company setup, business registration and corporate changes. We handle authorities, ownership updates, board changes and ongoing company administration.","robots":{"index":"index","follow":"follow","max-snippet":"max-snippet:-1","max-image-preview":"max-image-preview:large","max-video-preview":"max-video-preview:-1"},"canonical":"https:\/\/www.leansa.se\/en\/foretagsregistreringar-och-hantering\/","og_locale":"en_US","og_type":"article","og_title":"F\u00f6retagsregistreringar | Leansa \u2013 Administration & bolags\u00e4ndringar","og_description":"Leansa hj\u00e4lper dig med f\u00f6retagsregistreringar, administration och \u00e4ndringar hosBolagsverket och Skatteverket. Smidig hantering av \u00e4garf\u00f6r\u00e4ndringar, styrelse ochbolagsuppgifter.","og_url":"https:\/\/www.leansa.se\/en\/foretagsregistreringar-och-hantering\/","og_site_name":"Leansa","article_modified_time":"2025-12-04T23:38:56+00:00","og_image":[{"url":"https:\/\/www.leansa.se\/wp-content\/uploads\/2025\/10\/Rectangle-19957.jpg","type":"","width":"","height":""}],"twitter_card":"summary_large_image","twitter_misc":{"Est. reading time":"1 minute"},"schema":{"@context":"https:\/\/schema.org","@graph":[{"@type":"WebPage","@id":"https:\/\/www.leansa.se\/foretagsregistreringar-och-hantering\/","url":"https:\/\/www.leansa.se\/foretagsregistreringar-och-hantering\/","name":"F\u00f6retagsregistreringar | Leansa \u2013 Administration & bolags\u00e4ndringar","isPartOf":{"@id":"https:\/\/www.leansa.se\/#website"},"primaryImageOfPage":{"@id":"https:\/\/www.leansa.se\/foretagsregistreringar-och-hantering\/#primaryimage"},"image":{"@id":"https:\/\/www.leansa.se\/foretagsregistreringar-och-hantering\/#primaryimage"},"thumbnailUrl":"https:\/\/www.leansa.se\/wp-content\/uploads\/2025\/10\/Rectangle-19957.jpg","datePublished":"2025-10-15T06:37:53+00:00","dateModified":"2025-12-04T23:38:56+00:00","description":"Leansa hj\u00e4lper dig med f\u00f6retagsregistreringar, administration och \u00e4ndringar hosBolagsverket och Skatteverket. Smidig hantering av \u00e4garf\u00f6r\u00e4ndringar, styrelse ochbolagsuppgifter.","breadcrumb":{"@id":"https:\/\/www.leansa.se\/foretagsregistreringar-och-hantering\/#breadcrumb"},"inLanguage":"en-US","potentialAction":[{"@type":"ReadAction","target":["https:\/\/www.leansa.se\/foretagsregistreringar-och-hantering\/"]}]},{"@type":"ImageObject","inLanguage":"en-US","@id":"https:\/\/www.leansa.se\/foretagsregistreringar-och-hantering\/#primaryimage","url":"https:\/\/www.leansa.se\/wp-content\/uploads\/2025\/10\/Rectangle-19957.jpg","contentUrl":"https:\/\/www.leansa.se\/wp-content\/uploads\/2025\/10\/Rectangle-19957.jpg"},{"@type":"BreadcrumbList","@id":"https:\/\/www.leansa.se\/foretagsregistreringar-och-hantering\/#breadcrumb","itemListElement":[{"@type":"ListItem","position":1,"name":"Home","item":"https:\/\/www.leansa.se\/"},{"@type":"ListItem","position":2,"name":"F\u00f6retagsregistreringar &amp; administration \u2013 Starta f\u00f6retag med Leansa"}]},{"@type":"WebSite","@id":"https:\/\/www.leansa.se\/#website","url":"https:\/\/www.leansa.se\/","name":"Leansa","description":"","potentialAction":[{"@type":"SearchAction","target":{"@type":"EntryPoint","urlTemplate":"https:\/\/www.leansa.se\/?s={search_term_string}"},"query-input":{"@type":"PropertyValueSpecification","valueRequired":true,"valueName":"search_term_string"}}],"inLanguage":"en-US"}]}},"_links":{"self":[{"href":"https:\/\/www.leansa.se\/en\/wp-json\/wp\/v2\/pages\/414","targetHints":{"allow":["GET"]}}],"collection":[{"href":"https:\/\/www.leansa.se\/en\/wp-json\/wp\/v2\/pages"}],"about":[{"href":"https:\/\/www.leansa.se\/en\/wp-json\/wp\/v2\/types\/page"}],"author":[{"embeddable":true,"href":"https:\/\/www.leansa.se\/en\/wp-json\/wp\/v2\/users\/1"}],"replies":[{"embeddable":true,"href":"https:\/\/www.leansa.se\/en\/wp-json\/wp\/v2\/comments?post=414"}],"version-history":[{"count":9,"href":"https:\/\/www.leansa.se\/en\/wp-json\/wp\/v2\/pages\/414\/revisions"}],"predecessor-version":[{"id":632,"href":"https:\/\/www.leansa.se\/en\/wp-json\/wp\/v2\/pages\/414\/revisions\/632"}],"wp:attachment":[{"href":"https:\/\/www.leansa.se\/en\/wp-json\/wp\/v2\/media?parent=414"}],"curies":[{"name":"wp","href":"https:\/\/api.w.org\/{rel}","templated":true}]}}