{"id":409,"date":"2025-10-15T06:36:51","date_gmt":"2025-10-15T06:36:51","guid":{"rendered":"https:\/\/www.leansa.se\/?page_id=409"},"modified":"2025-12-04T23:38:24","modified_gmt":"2025-12-04T23:38:24","slug":"datavisualisering","status":"publish","type":"page","link":"https:\/\/www.leansa.se\/en\/datavisualisering\/","title":{"rendered":"Datavisualisering &amp; rapportering \u2013 F\u00e5 insikt i siffrorna | Leansa"},"content":{"rendered":"<div data-elementor-type=\"wp-page\" data-elementor-id=\"409\" class=\"elementor elementor-409\" data-elementor-post-type=\"page\">\n\t\t\t\t<div class=\"elementor-element elementor-element-fe976a9 hero-inner e-flex e-con-boxed e-con e-parent\" data-id=\"fe976a9\" data-element_type=\"container\" data-settings=\"{&quot;background_background&quot;:&quot;classic&quot;}\">\n\t\t\t\t\t<div class=\"e-con-inner\">\n\t\t\t\t<div class=\"elementor-element elementor-element-9504050 elementor-widget elementor-widget-heading\" data-id=\"9504050\" data-element_type=\"widget\" data-widget_type=\"heading.default\">\n\t\t\t\t<div class=\"elementor-widget-container\">\n\t\t\t\t\t<h1 class=\"elementor-heading-title elementor-size-default\">Data visualization \n<\/h1>\t\t\t\t<\/div>\n\t\t\t\t<\/div>\n\t\t\t\t<div class=\"elementor-element elementor-element-0a85bac elementor-widget elementor-widget-text-editor\" data-id=\"0a85bac\" data-element_type=\"widget\" data-widget_type=\"text-editor.default\">\n\t\t\t\t<div class=\"elementor-widget-container\">\n\t\t\t\t\t\t\t\t\t<p><span style=\"font-weight: 400;\">We help you visualize your company\u2019s finances in real time. With Leansa, you receive clear\nreports, interactive graphs and intuitive overviews that make your numbers easy to\nunderstand and reveal how your business is truly performing.<\/span><\/p>\t\t\t\t\t\t\t\t<\/div>\n\t\t\t\t<\/div>\n\t\t\t\t\t<\/div>\n\t\t\t\t<\/div>\n\t\t<div class=\"elementor-element elementor-element-42099c9 py-70 e-flex e-con-boxed e-con e-parent\" data-id=\"42099c9\" data-element_type=\"container\" data-settings=\"{&quot;background_background&quot;:&quot;classic&quot;}\">\n\t\t\t\t\t<div class=\"e-con-inner\">\n\t\t<div class=\"elementor-element elementor-element-07da228 e-con-full e-flex e-con e-child\" data-id=\"07da228\" data-element_type=\"container\" data-settings=\"{&quot;background_background&quot;:&quot;classic&quot;}\">\n\t\t<div class=\"elementor-element elementor-element-4ede981 e-con-full e-flex e-con e-child\" data-id=\"4ede981\" data-element_type=\"container\">\n\t\t\t\t<div class=\"elementor-element elementor-element-2c4b74c elementor-widget elementor-widget-image\" data-id=\"2c4b74c\" data-element_type=\"widget\" data-widget_type=\"image.default\">\n\t\t\t\t<div class=\"elementor-widget-container\">\n\t\t\t\t\t\t\t\t\t\t\t\t\t\t\t<img fetchpriority=\"high\" decoding=\"async\" width=\"475\" height=\"565\" src=\"https:\/\/www.leansa.se\/wp-content\/uploads\/2025\/10\/Rectangle-19957.jpg\" class=\"attachment-large size-large wp-image-39\" alt=\"\" srcset=\"https:\/\/www.leansa.se\/wp-content\/uploads\/2025\/10\/Rectangle-19957.jpg 475w, https:\/\/www.leansa.se\/wp-content\/uploads\/2025\/10\/Rectangle-19957-252x300.jpg 252w\" sizes=\"(max-width: 475px) 100vw, 475px\" \/>\t\t\t\t\t\t\t\t\t\t\t\t\t\t\t<\/div>\n\t\t\t\t<\/div>\n\t\t<div class=\"elementor-element elementor-element-5b1bba7 e-con-full e-flex e-con e-child\" data-id=\"5b1bba7\" data-element_type=\"container\">\n\t\t\t\t<div class=\"elementor-element elementor-element-cffcf4b elementor-widget elementor-widget-heading\" data-id=\"cffcf4b\" data-element_type=\"widget\" data-widget_type=\"heading.default\">\n\t\t\t\t<div class=\"elementor-widget-container\">\n\t\t\t\t\t<h2 class=\"elementor-heading-title elementor-size-default\">Data-driven insights for better decisions <\/h2>\t\t\t\t<\/div>\n\t\t\t\t<\/div>\n\t\t\t\t<div class=\"elementor-element elementor-element-25ce8ea elementor-widget elementor-widget-text-editor\" data-id=\"25ce8ea\" data-element_type=\"widget\" data-widget_type=\"text-editor.default\">\n\t\t\t\t<div class=\"elementor-widget-container\">\n\t\t\t\t\t\t\t\t\t<p><span style=\"font-weight: 400;\">Financial data is a powerful asset, but it needs to be presented clearly to create real value.\nBy visualizing key figures and trends, we make it easy to understand your company\u2019s\nperformance and make decisions based on facts rather than assumptions.\u00a0<\/span><\/p><p><span style=\"font-weight: 400;\">We design customized dashboards and reports that connect directly to your accounting,\npayroll and sales systems. You receive clear visualizations of revenue, profit, cash flow and\nliquidity, giving you a new level of insight and control.\u00a0<\/span><\/p><p><span style=\"font-weight: 400;\">Leansa uses modern business intelligence tools and automated reporting, ensuring that you\nalways have access to up-to-date figures without manual work or delays.\u00a0<\/span><\/p>\t\t\t\t\t\t\t\t<\/div>\n\t\t\t\t<\/div>\n\t\t\t\t<\/div>\n\t\t\t\t<\/div>\n\t\t\t\t<\/div>\n\t\t\t\t\t<\/div>\n\t\t\t\t<\/div>\n\t\t\t\t<\/div>","protected":false},"excerpt":{"rendered":"<p>Datavisualisering Vi hj\u00e4lper dig att visualisera f\u00f6retagets ekonomi i realtid. Med Leansa f\u00e5r du tydliga rapporter, grafer och \u00f6versikter som g\u00f6r siffrorna begripliga och visar hur verksamheten faktiskt m\u00e5r. F\u00e5 full kontroll med visuella rapporter och smarta dashboards Ekonomisk data \u00e4r en ov\u00e4rderlig tillg\u00e5ng, men den beh\u00f6ver presenteras p\u00e5 r\u00e4tt s\u00e4tt f\u00f6r att ge verklig [&hellip;]<\/p>","protected":false},"author":1,"featured_media":0,"parent":0,"menu_order":0,"comment_status":"closed","ping_status":"closed","template":"elementor_header_footer","meta":{"_acf_changed":false,"footnotes":""},"class_list":["post-409","page","type-page","status-publish","hentry"],"acf":[],"yoast_head":"<!-- This site is optimized with the Yoast SEO plugin v26.5 - https:\/\/yoast.com\/wordpress\/plugins\/seo\/ -->\n<title>Data visualization | Leansa \u2013 Smart dashboards and real-time insights<\/title>\n<meta name=\"description\" content=\"Leansa provides data visualization with customized dashboards and real-time reports. Gain clear insights into revenue, profit, cash flow and liquidity for better decisions.\" \/>\n<meta name=\"robots\" content=\"index, follow, max-snippet:-1, max-image-preview:large, max-video-preview:-1\" \/>\n<link rel=\"canonical\" href=\"https:\/\/www.leansa.se\/en\/datavisualisering\/\" \/>\n<meta property=\"og:locale\" content=\"en_US\" \/>\n<meta property=\"og:type\" content=\"article\" \/>\n<meta property=\"og:title\" content=\"Datavisualisering | Leansa \u2013 Dashboards och rapporter i realtid\" \/>\n<meta property=\"og:description\" content=\"Leansa erbjuder datavisualisering med smarta dashboards och rapporter i realtid. F\u00e5 tydligainsikter om int\u00e4kter, resultat, kassafl\u00f6de och likviditet f\u00f6r b\u00e4ttre beslut.\" \/>\n<meta property=\"og:url\" content=\"https:\/\/www.leansa.se\/en\/datavisualisering\/\" \/>\n<meta property=\"og:site_name\" content=\"Leansa\" \/>\n<meta property=\"article:modified_time\" content=\"2025-12-04T23:38:24+00:00\" \/>\n<meta property=\"og:image\" content=\"https:\/\/www.leansa.se\/wp-content\/uploads\/2025\/10\/Rectangle-19957.jpg\" \/>\n<meta name=\"twitter:card\" content=\"summary_large_image\" \/>\n<meta name=\"twitter:label1\" content=\"Est. reading time\" \/>\n\t<meta name=\"twitter:data1\" content=\"1 minute\" \/>\n<script type=\"application\/ld+json\" class=\"yoast-schema-graph\">{\"@context\":\"https:\/\/schema.org\",\"@graph\":[{\"@type\":\"WebPage\",\"@id\":\"https:\/\/www.leansa.se\/datavisualisering\/\",\"url\":\"https:\/\/www.leansa.se\/datavisualisering\/\",\"name\":\"Datavisualisering | Leansa \u2013 Dashboards och rapporter i realtid\",\"isPartOf\":{\"@id\":\"https:\/\/www.leansa.se\/#website\"},\"primaryImageOfPage\":{\"@id\":\"https:\/\/www.leansa.se\/datavisualisering\/#primaryimage\"},\"image\":{\"@id\":\"https:\/\/www.leansa.se\/datavisualisering\/#primaryimage\"},\"thumbnailUrl\":\"https:\/\/www.leansa.se\/wp-content\/uploads\/2025\/10\/Rectangle-19957.jpg\",\"datePublished\":\"2025-10-15T06:36:51+00:00\",\"dateModified\":\"2025-12-04T23:38:24+00:00\",\"description\":\"Leansa erbjuder datavisualisering med smarta dashboards och rapporter i realtid. F\u00e5 tydligainsikter om int\u00e4kter, resultat, kassafl\u00f6de och likviditet f\u00f6r b\u00e4ttre beslut.\",\"breadcrumb\":{\"@id\":\"https:\/\/www.leansa.se\/datavisualisering\/#breadcrumb\"},\"inLanguage\":\"en-US\",\"potentialAction\":[{\"@type\":\"ReadAction\",\"target\":[\"https:\/\/www.leansa.se\/datavisualisering\/\"]}]},{\"@type\":\"ImageObject\",\"inLanguage\":\"en-US\",\"@id\":\"https:\/\/www.leansa.se\/datavisualisering\/#primaryimage\",\"url\":\"https:\/\/www.leansa.se\/wp-content\/uploads\/2025\/10\/Rectangle-19957.jpg\",\"contentUrl\":\"https:\/\/www.leansa.se\/wp-content\/uploads\/2025\/10\/Rectangle-19957.jpg\"},{\"@type\":\"BreadcrumbList\",\"@id\":\"https:\/\/www.leansa.se\/datavisualisering\/#breadcrumb\",\"itemListElement\":[{\"@type\":\"ListItem\",\"position\":1,\"name\":\"Home\",\"item\":\"https:\/\/www.leansa.se\/\"},{\"@type\":\"ListItem\",\"position\":2,\"name\":\"Datavisualisering &amp; rapportering \u2013 F\u00e5 insikt i siffrorna | Leansa\"}]},{\"@type\":\"WebSite\",\"@id\":\"https:\/\/www.leansa.se\/#website\",\"url\":\"https:\/\/www.leansa.se\/\",\"name\":\"Leansa\",\"description\":\"\",\"potentialAction\":[{\"@type\":\"SearchAction\",\"target\":{\"@type\":\"EntryPoint\",\"urlTemplate\":\"https:\/\/www.leansa.se\/?s={search_term_string}\"},\"query-input\":{\"@type\":\"PropertyValueSpecification\",\"valueRequired\":true,\"valueName\":\"search_term_string\"}}],\"inLanguage\":\"en-US\"}]}<\/script>\n<!-- \/ Yoast SEO plugin. -->","yoast_head_json":{"title":"Data visualization | Leansa \u2013 Smart dashboards and real-time insights","description":"Leansa provides data visualization with customized dashboards and real-time reports. Gain clear insights into revenue, profit, cash flow and liquidity for better decisions.","robots":{"index":"index","follow":"follow","max-snippet":"max-snippet:-1","max-image-preview":"max-image-preview:large","max-video-preview":"max-video-preview:-1"},"canonical":"https:\/\/www.leansa.se\/en\/datavisualisering\/","og_locale":"en_US","og_type":"article","og_title":"Datavisualisering | Leansa \u2013 Dashboards och rapporter i realtid","og_description":"Leansa erbjuder datavisualisering med smarta dashboards och rapporter i realtid. F\u00e5 tydligainsikter om int\u00e4kter, resultat, kassafl\u00f6de och likviditet f\u00f6r b\u00e4ttre beslut.","og_url":"https:\/\/www.leansa.se\/en\/datavisualisering\/","og_site_name":"Leansa","article_modified_time":"2025-12-04T23:38:24+00:00","og_image":[{"url":"https:\/\/www.leansa.se\/wp-content\/uploads\/2025\/10\/Rectangle-19957.jpg","type":"","width":"","height":""}],"twitter_card":"summary_large_image","twitter_misc":{"Est. reading time":"1 minute"},"schema":{"@context":"https:\/\/schema.org","@graph":[{"@type":"WebPage","@id":"https:\/\/www.leansa.se\/datavisualisering\/","url":"https:\/\/www.leansa.se\/datavisualisering\/","name":"Datavisualisering | Leansa \u2013 Dashboards och rapporter i realtid","isPartOf":{"@id":"https:\/\/www.leansa.se\/#website"},"primaryImageOfPage":{"@id":"https:\/\/www.leansa.se\/datavisualisering\/#primaryimage"},"image":{"@id":"https:\/\/www.leansa.se\/datavisualisering\/#primaryimage"},"thumbnailUrl":"https:\/\/www.leansa.se\/wp-content\/uploads\/2025\/10\/Rectangle-19957.jpg","datePublished":"2025-10-15T06:36:51+00:00","dateModified":"2025-12-04T23:38:24+00:00","description":"Leansa erbjuder datavisualisering med smarta dashboards och rapporter i realtid. F\u00e5 tydligainsikter om int\u00e4kter, resultat, kassafl\u00f6de och likviditet f\u00f6r b\u00e4ttre beslut.","breadcrumb":{"@id":"https:\/\/www.leansa.se\/datavisualisering\/#breadcrumb"},"inLanguage":"en-US","potentialAction":[{"@type":"ReadAction","target":["https:\/\/www.leansa.se\/datavisualisering\/"]}]},{"@type":"ImageObject","inLanguage":"en-US","@id":"https:\/\/www.leansa.se\/datavisualisering\/#primaryimage","url":"https:\/\/www.leansa.se\/wp-content\/uploads\/2025\/10\/Rectangle-19957.jpg","contentUrl":"https:\/\/www.leansa.se\/wp-content\/uploads\/2025\/10\/Rectangle-19957.jpg"},{"@type":"BreadcrumbList","@id":"https:\/\/www.leansa.se\/datavisualisering\/#breadcrumb","itemListElement":[{"@type":"ListItem","position":1,"name":"Home","item":"https:\/\/www.leansa.se\/"},{"@type":"ListItem","position":2,"name":"Datavisualisering &amp; rapportering \u2013 F\u00e5 insikt i siffrorna | Leansa"}]},{"@type":"WebSite","@id":"https:\/\/www.leansa.se\/#website","url":"https:\/\/www.leansa.se\/","name":"Leansa","description":"","potentialAction":[{"@type":"SearchAction","target":{"@type":"EntryPoint","urlTemplate":"https:\/\/www.leansa.se\/?s={search_term_string}"},"query-input":{"@type":"PropertyValueSpecification","valueRequired":true,"valueName":"search_term_string"}}],"inLanguage":"en-US"}]}},"_links":{"self":[{"href":"https:\/\/www.leansa.se\/en\/wp-json\/wp\/v2\/pages\/409","targetHints":{"allow":["GET"]}}],"collection":[{"href":"https:\/\/www.leansa.se\/en\/wp-json\/wp\/v2\/pages"}],"about":[{"href":"https:\/\/www.leansa.se\/en\/wp-json\/wp\/v2\/types\/page"}],"author":[{"embeddable":true,"href":"https:\/\/www.leansa.se\/en\/wp-json\/wp\/v2\/users\/1"}],"replies":[{"embeddable":true,"href":"https:\/\/www.leansa.se\/en\/wp-json\/wp\/v2\/comments?post=409"}],"version-history":[{"count":9,"href":"https:\/\/www.leansa.se\/en\/wp-json\/wp\/v2\/pages\/409\/revisions"}],"predecessor-version":[{"id":631,"href":"https:\/\/www.leansa.se\/en\/wp-json\/wp\/v2\/pages\/409\/revisions\/631"}],"wp:attachment":[{"href":"https:\/\/www.leansa.se\/en\/wp-json\/wp\/v2\/media?parent=409"}],"curies":[{"name":"wp","href":"https:\/\/api.w.org\/{rel}","templated":true}]}}