{"id":404,"date":"2025-10-15T06:36:02","date_gmt":"2025-10-15T06:36:02","guid":{"rendered":"https:\/\/www.leansa.se\/?page_id=404"},"modified":"2025-12-04T23:37:40","modified_gmt":"2025-12-04T23:37:40","slug":"skatteradgivning-deklaration","status":"publish","type":"page","link":"https:\/\/www.leansa.se\/en\/skatteradgivning-deklaration\/","title":{"rendered":"Skatter\u00e5dgivning &amp; Deklaration \u2013 Maximera ditt resultat med Leansa"},"content":{"rendered":"<div data-elementor-type=\"wp-page\" data-elementor-id=\"404\" class=\"elementor elementor-404\" data-elementor-post-type=\"page\">\n\t\t\t\t<div class=\"elementor-element elementor-element-6c40c63 hero-inner e-flex e-con-boxed e-con e-parent\" data-id=\"6c40c63\" data-element_type=\"container\" data-settings=\"{&quot;background_background&quot;:&quot;classic&quot;}\">\n\t\t\t\t\t<div class=\"e-con-inner\">\n\t\t\t\t<div class=\"elementor-element elementor-element-1eee1ef elementor-widget elementor-widget-heading\" data-id=\"1eee1ef\" data-element_type=\"widget\" data-widget_type=\"heading.default\">\n\t\t\t\t<div class=\"elementor-widget-container\">\n\t\t\t\t\t<h1 class=\"elementor-heading-title elementor-size-default\">Tax services \n<\/h1>\t\t\t\t<\/div>\n\t\t\t\t<\/div>\n\t\t\t\t<div class=\"elementor-element elementor-element-74c6640 elementor-widget elementor-widget-text-editor\" data-id=\"74c6640\" data-element_type=\"widget\" data-widget_type=\"text-editor.default\">\n\t\t\t\t<div class=\"elementor-widget-container\">\n\t\t\t\t\t\t\t\t\t<p><span style=\"font-weight: 400;\">We help you optimize your taxes and minimize unnecessary risks. With Leansa, you receive\nexpert support in tax returns, corporate taxation, VAT management and estate planning,\nalways with a focus on compliance and long-term profitability.\u00a0<\/span><\/p>\t\t\t\t\t\t\t\t<\/div>\n\t\t\t\t<\/div>\n\t\t\t\t\t<\/div>\n\t\t\t\t<\/div>\n\t\t<div class=\"elementor-element elementor-element-4d23053 py-70 e-flex e-con-boxed e-con e-parent\" data-id=\"4d23053\" data-element_type=\"container\" data-settings=\"{&quot;background_background&quot;:&quot;classic&quot;}\">\n\t\t\t\t\t<div class=\"e-con-inner\">\n\t\t<div class=\"elementor-element elementor-element-74c0ab3 e-con-full e-flex e-con e-child\" data-id=\"74c0ab3\" data-element_type=\"container\" data-settings=\"{&quot;background_background&quot;:&quot;classic&quot;}\">\n\t\t<div class=\"elementor-element elementor-element-9981cf4 e-con-full e-flex e-con e-child\" data-id=\"9981cf4\" data-element_type=\"container\">\n\t\t\t\t<div class=\"elementor-element elementor-element-83b65ed elementor-widget elementor-widget-image\" data-id=\"83b65ed\" data-element_type=\"widget\" data-widget_type=\"image.default\">\n\t\t\t\t<div class=\"elementor-widget-container\">\n\t\t\t\t\t\t\t\t\t\t\t\t\t\t\t<img fetchpriority=\"high\" decoding=\"async\" width=\"475\" height=\"565\" src=\"https:\/\/www.leansa.se\/wp-content\/uploads\/2025\/10\/Rectangle-19957.jpg\" class=\"attachment-large size-large wp-image-39\" alt=\"\" srcset=\"https:\/\/www.leansa.se\/wp-content\/uploads\/2025\/10\/Rectangle-19957.jpg 475w, https:\/\/www.leansa.se\/wp-content\/uploads\/2025\/10\/Rectangle-19957-252x300.jpg 252w\" sizes=\"(max-width: 475px) 100vw, 475px\" \/>\t\t\t\t\t\t\t\t\t\t\t\t\t\t\t<\/div>\n\t\t\t\t<\/div>\n\t\t<div class=\"elementor-element elementor-element-a5084f7 e-con-full e-flex e-con e-child\" data-id=\"a5084f7\" data-element_type=\"container\">\n\t\t\t\t<div class=\"elementor-element elementor-element-6dd6381 elementor-widget elementor-widget-heading\" data-id=\"6dd6381\" data-element_type=\"widget\" data-widget_type=\"heading.default\">\n\t\t\t\t<div class=\"elementor-widget-container\">\n\t\t\t\t\t<h2 class=\"elementor-heading-title elementor-size-default\">Your trusted partner in tax planning and compliance<\/h2>\t\t\t\t<\/div>\n\t\t\t\t<\/div>\n\t\t\t\t<div class=\"elementor-element elementor-element-fb0221b elementor-widget elementor-widget-text-editor\" data-id=\"fb0221b\" data-element_type=\"widget\" data-widget_type=\"text-editor.default\">\n\t\t\t\t<div class=\"elementor-widget-container\">\n\t\t\t\t\t\t\t\t\t<p><span style=\"font-weight: 400;\">Tax regulations are constantly changing, and it is important to stay one step ahead. Our\naccountants and tax specialists keep a close eye on new developments to ensure that your\ncompany always acts correctly and tax-efficiently.\u00a0<\/span><\/p><p><span style=\"font-weight: 400;\">We manage the entire process, from income tax returns and VAT reporting to K10 forms, tax\nplanning and advisory for annual accounts. For owner-managed companies, we also assist\nwith salary, dividend and deduction planning to create a balanced and advantageous tax\nposition.<\/span><\/p><p><span style=\"font-weight: 400;\">Our goal is to help you retain as much profit as possible in a correct and sustainable way.\nWith Leansa as your tax partner, you gain confidence, structure and a clear strategy for the\nfuture. <\/span><\/p>\t\t\t\t\t\t\t\t<\/div>\n\t\t\t\t<\/div>\n\t\t\t\t<\/div>\n\t\t\t\t<\/div>\n\t\t\t\t<\/div>\n\t\t\t\t\t<\/div>\n\t\t\t\t<\/div>\n\t\t\t\t<\/div>","protected":false},"excerpt":{"rendered":"<p>Skatter\u00e5dgivning och deklarationshj\u00e4lp Vi hj\u00e4lper dig att optimera skatten och undvika on\u00f6diga risker. Med Leansa f\u00e5r du kvalificerad hj\u00e4lp med deklaration, bolagsskatt, moms och \u00e4garplanering, alltid med fokus p\u00e5 l\u00e5ngsiktig l\u00f6nsamhet.\u00a0 Skatteplanering som st\u00e4rker f\u00f6retagets ekonomi Skatteregler f\u00f6r\u00e4ndras st\u00e4ndigt och det g\u00e4ller att ligga steget f\u00f6re. V\u00e5ra redovisningskonsulter och skatteexperter f\u00f6ljer utvecklingen noggrant och ser [&hellip;]<\/p>","protected":false},"author":1,"featured_media":0,"parent":0,"menu_order":0,"comment_status":"closed","ping_status":"closed","template":"elementor_header_footer","meta":{"_acf_changed":false,"footnotes":""},"class_list":["post-404","page","type-page","status-publish","hentry"],"acf":[],"yoast_head":"<!-- This site is optimized with the Yoast SEO plugin v26.5 - https:\/\/yoast.com\/wordpress\/plugins\/seo\/ -->\n<title>Tax services | Leansa \u2013 Tax planning and compliance<\/title>\n<meta name=\"description\" content=\"Leansa provides tax services including tax planning, tax returns, corporate taxation, VAT management and K10 forms. Get reliable and compliant support for your entire tax process.\" \/>\n<meta name=\"robots\" content=\"index, follow, max-snippet:-1, max-image-preview:large, max-video-preview:-1\" \/>\n<link rel=\"canonical\" href=\"https:\/\/www.leansa.se\/en\/skatteradgivning-deklaration\/\" \/>\n<meta property=\"og:locale\" content=\"en_US\" \/>\n<meta property=\"og:type\" content=\"article\" \/>\n<meta property=\"og:title\" content=\"Skatter\u00e5dgivning | Leansa \u2013 Skatteplanering f\u00f6r f\u00f6retag\" \/>\n<meta property=\"og:description\" content=\"Leansa erbjuder skatter\u00e5dgivning f\u00f6r f\u00f6retag med fokus p\u00e5 skatteplanering, deklarationer,bolagsskatt, moms och K10. F\u00e5 trygg och effektiv hantering av hela skatteprocessen.\" \/>\n<meta property=\"og:url\" content=\"https:\/\/www.leansa.se\/en\/skatteradgivning-deklaration\/\" \/>\n<meta property=\"og:site_name\" content=\"Leansa\" \/>\n<meta property=\"article:modified_time\" content=\"2025-12-04T23:37:40+00:00\" \/>\n<meta property=\"og:image\" content=\"https:\/\/www.leansa.se\/wp-content\/uploads\/2025\/10\/Rectangle-19957.jpg\" \/>\n<meta name=\"twitter:card\" content=\"summary_large_image\" \/>\n<meta name=\"twitter:label1\" content=\"Est. reading time\" \/>\n\t<meta name=\"twitter:data1\" content=\"1 minute\" \/>\n<script type=\"application\/ld+json\" class=\"yoast-schema-graph\">{\"@context\":\"https:\/\/schema.org\",\"@graph\":[{\"@type\":\"WebPage\",\"@id\":\"https:\/\/www.leansa.se\/skatteradgivning-deklaration\/\",\"url\":\"https:\/\/www.leansa.se\/skatteradgivning-deklaration\/\",\"name\":\"Skatter\u00e5dgivning | Leansa \u2013 Skatteplanering f\u00f6r f\u00f6retag\",\"isPartOf\":{\"@id\":\"https:\/\/www.leansa.se\/#website\"},\"primaryImageOfPage\":{\"@id\":\"https:\/\/www.leansa.se\/skatteradgivning-deklaration\/#primaryimage\"},\"image\":{\"@id\":\"https:\/\/www.leansa.se\/skatteradgivning-deklaration\/#primaryimage\"},\"thumbnailUrl\":\"https:\/\/www.leansa.se\/wp-content\/uploads\/2025\/10\/Rectangle-19957.jpg\",\"datePublished\":\"2025-10-15T06:36:02+00:00\",\"dateModified\":\"2025-12-04T23:37:40+00:00\",\"description\":\"Leansa erbjuder skatter\u00e5dgivning f\u00f6r f\u00f6retag med fokus p\u00e5 skatteplanering, deklarationer,bolagsskatt, moms och K10. F\u00e5 trygg och effektiv hantering av hela skatteprocessen.\",\"breadcrumb\":{\"@id\":\"https:\/\/www.leansa.se\/skatteradgivning-deklaration\/#breadcrumb\"},\"inLanguage\":\"en-US\",\"potentialAction\":[{\"@type\":\"ReadAction\",\"target\":[\"https:\/\/www.leansa.se\/skatteradgivning-deklaration\/\"]}]},{\"@type\":\"ImageObject\",\"inLanguage\":\"en-US\",\"@id\":\"https:\/\/www.leansa.se\/skatteradgivning-deklaration\/#primaryimage\",\"url\":\"https:\/\/www.leansa.se\/wp-content\/uploads\/2025\/10\/Rectangle-19957.jpg\",\"contentUrl\":\"https:\/\/www.leansa.se\/wp-content\/uploads\/2025\/10\/Rectangle-19957.jpg\"},{\"@type\":\"BreadcrumbList\",\"@id\":\"https:\/\/www.leansa.se\/skatteradgivning-deklaration\/#breadcrumb\",\"itemListElement\":[{\"@type\":\"ListItem\",\"position\":1,\"name\":\"Home\",\"item\":\"https:\/\/www.leansa.se\/\"},{\"@type\":\"ListItem\",\"position\":2,\"name\":\"Skatter\u00e5dgivning &amp; Deklaration \u2013 Maximera ditt resultat med Leansa\"}]},{\"@type\":\"WebSite\",\"@id\":\"https:\/\/www.leansa.se\/#website\",\"url\":\"https:\/\/www.leansa.se\/\",\"name\":\"Leansa\",\"description\":\"\",\"potentialAction\":[{\"@type\":\"SearchAction\",\"target\":{\"@type\":\"EntryPoint\",\"urlTemplate\":\"https:\/\/www.leansa.se\/?s={search_term_string}\"},\"query-input\":{\"@type\":\"PropertyValueSpecification\",\"valueRequired\":true,\"valueName\":\"search_term_string\"}}],\"inLanguage\":\"en-US\"}]}<\/script>\n<!-- \/ Yoast SEO plugin. -->","yoast_head_json":{"title":"Tax services | Leansa \u2013 Tax planning and compliance","description":"Leansa provides tax services including tax planning, tax returns, corporate taxation, VAT management and K10 forms. Get reliable and compliant support for your entire tax process.","robots":{"index":"index","follow":"follow","max-snippet":"max-snippet:-1","max-image-preview":"max-image-preview:large","max-video-preview":"max-video-preview:-1"},"canonical":"https:\/\/www.leansa.se\/en\/skatteradgivning-deklaration\/","og_locale":"en_US","og_type":"article","og_title":"Skatter\u00e5dgivning | Leansa \u2013 Skatteplanering f\u00f6r f\u00f6retag","og_description":"Leansa erbjuder skatter\u00e5dgivning f\u00f6r f\u00f6retag med fokus p\u00e5 skatteplanering, deklarationer,bolagsskatt, moms och K10. F\u00e5 trygg och effektiv hantering av hela skatteprocessen.","og_url":"https:\/\/www.leansa.se\/en\/skatteradgivning-deklaration\/","og_site_name":"Leansa","article_modified_time":"2025-12-04T23:37:40+00:00","og_image":[{"url":"https:\/\/www.leansa.se\/wp-content\/uploads\/2025\/10\/Rectangle-19957.jpg","type":"","width":"","height":""}],"twitter_card":"summary_large_image","twitter_misc":{"Est. reading time":"1 minute"},"schema":{"@context":"https:\/\/schema.org","@graph":[{"@type":"WebPage","@id":"https:\/\/www.leansa.se\/skatteradgivning-deklaration\/","url":"https:\/\/www.leansa.se\/skatteradgivning-deklaration\/","name":"Skatter\u00e5dgivning | Leansa \u2013 Skatteplanering f\u00f6r f\u00f6retag","isPartOf":{"@id":"https:\/\/www.leansa.se\/#website"},"primaryImageOfPage":{"@id":"https:\/\/www.leansa.se\/skatteradgivning-deklaration\/#primaryimage"},"image":{"@id":"https:\/\/www.leansa.se\/skatteradgivning-deklaration\/#primaryimage"},"thumbnailUrl":"https:\/\/www.leansa.se\/wp-content\/uploads\/2025\/10\/Rectangle-19957.jpg","datePublished":"2025-10-15T06:36:02+00:00","dateModified":"2025-12-04T23:37:40+00:00","description":"Leansa erbjuder skatter\u00e5dgivning f\u00f6r f\u00f6retag med fokus p\u00e5 skatteplanering, deklarationer,bolagsskatt, moms och K10. F\u00e5 trygg och effektiv hantering av hela skatteprocessen.","breadcrumb":{"@id":"https:\/\/www.leansa.se\/skatteradgivning-deklaration\/#breadcrumb"},"inLanguage":"en-US","potentialAction":[{"@type":"ReadAction","target":["https:\/\/www.leansa.se\/skatteradgivning-deklaration\/"]}]},{"@type":"ImageObject","inLanguage":"en-US","@id":"https:\/\/www.leansa.se\/skatteradgivning-deklaration\/#primaryimage","url":"https:\/\/www.leansa.se\/wp-content\/uploads\/2025\/10\/Rectangle-19957.jpg","contentUrl":"https:\/\/www.leansa.se\/wp-content\/uploads\/2025\/10\/Rectangle-19957.jpg"},{"@type":"BreadcrumbList","@id":"https:\/\/www.leansa.se\/skatteradgivning-deklaration\/#breadcrumb","itemListElement":[{"@type":"ListItem","position":1,"name":"Home","item":"https:\/\/www.leansa.se\/"},{"@type":"ListItem","position":2,"name":"Skatter\u00e5dgivning &amp; Deklaration \u2013 Maximera ditt resultat med Leansa"}]},{"@type":"WebSite","@id":"https:\/\/www.leansa.se\/#website","url":"https:\/\/www.leansa.se\/","name":"Leansa","description":"","potentialAction":[{"@type":"SearchAction","target":{"@type":"EntryPoint","urlTemplate":"https:\/\/www.leansa.se\/?s={search_term_string}"},"query-input":{"@type":"PropertyValueSpecification","valueRequired":true,"valueName":"search_term_string"}}],"inLanguage":"en-US"}]}},"_links":{"self":[{"href":"https:\/\/www.leansa.se\/en\/wp-json\/wp\/v2\/pages\/404","targetHints":{"allow":["GET"]}}],"collection":[{"href":"https:\/\/www.leansa.se\/en\/wp-json\/wp\/v2\/pages"}],"about":[{"href":"https:\/\/www.leansa.se\/en\/wp-json\/wp\/v2\/types\/page"}],"author":[{"embeddable":true,"href":"https:\/\/www.leansa.se\/en\/wp-json\/wp\/v2\/users\/1"}],"replies":[{"embeddable":true,"href":"https:\/\/www.leansa.se\/en\/wp-json\/wp\/v2\/comments?post=404"}],"version-history":[{"count":9,"href":"https:\/\/www.leansa.se\/en\/wp-json\/wp\/v2\/pages\/404\/revisions"}],"predecessor-version":[{"id":630,"href":"https:\/\/www.leansa.se\/en\/wp-json\/wp\/v2\/pages\/404\/revisions\/630"}],"wp:attachment":[{"href":"https:\/\/www.leansa.se\/en\/wp-json\/wp\/v2\/media?parent=404"}],"curies":[{"name":"wp","href":"https:\/\/api.w.org\/{rel}","templated":true}]}}