{"id":399,"date":"2025-10-15T06:34:18","date_gmt":"2025-10-15T06:34:18","guid":{"rendered":"https:\/\/www.leansa.se\/?page_id=399"},"modified":"2025-12-04T23:37:02","modified_gmt":"2025-12-04T23:37:02","slug":"radgivning","status":"publish","type":"page","link":"https:\/\/www.leansa.se\/en\/radgivning\/","title":{"rendered":"Ekonomisk r\u00e5dgivning f\u00f6r f\u00f6retag \u2013 Ta smartare beslut med Leansa"},"content":{"rendered":"<div data-elementor-type=\"wp-page\" data-elementor-id=\"399\" class=\"elementor elementor-399\" data-elementor-post-type=\"page\">\n\t\t\t\t<div class=\"elementor-element elementor-element-a5b07db hero-inner e-flex e-con-boxed e-con e-parent\" data-id=\"a5b07db\" data-element_type=\"container\" data-settings=\"{&quot;background_background&quot;:&quot;classic&quot;}\">\n\t\t\t\t\t<div class=\"e-con-inner\">\n\t\t\t\t<div class=\"elementor-element elementor-element-2cbdcea elementor-widget elementor-widget-heading\" data-id=\"2cbdcea\" data-element_type=\"widget\" data-widget_type=\"heading.default\">\n\t\t\t\t<div class=\"elementor-widget-container\">\n\t\t\t\t\t<h1 class=\"elementor-heading-title elementor-size-default\">Financial advisory\n<\/h1>\t\t\t\t<\/div>\n\t\t\t\t<\/div>\n\t\t\t\t<div class=\"elementor-element elementor-element-5ed0eda elementor-widget elementor-widget-text-editor\" data-id=\"5ed0eda\" data-element_type=\"widget\" data-widget_type=\"text-editor.default\">\n\t\t\t\t<div class=\"elementor-widget-container\">\n\t\t\t\t\t\t\t\t\t<p><span style=\"font-weight: 400;\">We provide financial advisory services that help you make informed decisions and drive your\nbusiness forward. With Leansa, you gain a dedicated partner who understands your\ncompany and supports sustainable, long-term growth.\u00a0<\/span><\/p>\t\t\t\t\t\t\t\t<\/div>\n\t\t\t\t<\/div>\n\t\t\t\t\t<\/div>\n\t\t\t\t<\/div>\n\t\t<div class=\"elementor-element elementor-element-f68594f py-70 e-flex e-con-boxed e-con e-parent\" data-id=\"f68594f\" data-element_type=\"container\" data-settings=\"{&quot;background_background&quot;:&quot;classic&quot;}\">\n\t\t\t\t\t<div class=\"e-con-inner\">\n\t\t<div class=\"elementor-element elementor-element-ad19ed1 e-con-full e-flex e-con e-child\" data-id=\"ad19ed1\" data-element_type=\"container\" data-settings=\"{&quot;background_background&quot;:&quot;classic&quot;}\">\n\t\t<div class=\"elementor-element elementor-element-987d3d8 e-con-full e-flex e-con e-child\" data-id=\"987d3d8\" data-element_type=\"container\">\n\t\t\t\t<div class=\"elementor-element elementor-element-53da9cc elementor-widget elementor-widget-image\" data-id=\"53da9cc\" data-element_type=\"widget\" data-widget_type=\"image.default\">\n\t\t\t\t<div class=\"elementor-widget-container\">\n\t\t\t\t\t\t\t\t\t\t\t\t\t\t\t<img fetchpriority=\"high\" decoding=\"async\" width=\"475\" height=\"565\" src=\"https:\/\/www.leansa.se\/wp-content\/uploads\/2025\/10\/Rectangle-19957.jpg\" class=\"attachment-large size-large wp-image-39\" alt=\"\" srcset=\"https:\/\/www.leansa.se\/wp-content\/uploads\/2025\/10\/Rectangle-19957.jpg 475w, https:\/\/www.leansa.se\/wp-content\/uploads\/2025\/10\/Rectangle-19957-252x300.jpg 252w\" sizes=\"(max-width: 475px) 100vw, 475px\" \/>\t\t\t\t\t\t\t\t\t\t\t\t\t\t\t<\/div>\n\t\t\t\t<\/div>\n\t\t<div class=\"elementor-element elementor-element-537b8b3 e-con-full e-flex e-con e-child\" data-id=\"537b8b3\" data-element_type=\"container\">\n\t\t\t\t<div class=\"elementor-element elementor-element-61c0dfa elementor-widget elementor-widget-heading\" data-id=\"61c0dfa\" data-element_type=\"widget\" data-widget_type=\"heading.default\">\n\t\t\t\t<div class=\"elementor-widget-container\">\n\t\t\t\t\t<h2 class=\"elementor-heading-title elementor-size-default\">We help you make smart financial decisions \n<\/h2>\t\t\t\t<\/div>\n\t\t\t\t<\/div>\n\t\t\t\t<div class=\"elementor-element elementor-element-c6c9918 elementor-widget elementor-widget-text-editor\" data-id=\"c6c9918\" data-element_type=\"widget\" data-widget_type=\"text-editor.default\">\n\t\t\t\t<div class=\"elementor-widget-container\">\n\t\t\t\t\t\t\t\t\t<p><span style=\"font-weight: 400;\">Financial advisory is at the heart of what we do. We analyze the numbers behind your\nbusiness and turn them into actionable insights that support smarter decision-making. This\nincludes everything from cost optimization and pricing strategies to investments, budgeting\nand financial planning.\u00a0<\/span><\/p><p><span style=\"font-weight: 400;\">We believe in long-term partnerships and work closely with our clients to gain a deep\nunderstanding of their business. This enables us to act as a trusted sounding board in both\nday-to-day matters and strategic decisions.\u00a0<\/span><\/p><p><span style=\"font-weight: 400;\">Whether you are running a start-up or an established company, we help you build a financial\nstructure that delivers measurable results. Together, we lay the foundation for a stable and\nprofitable future based on knowledge, analysis and experience. <\/span><\/p>\t\t\t\t\t\t\t\t<\/div>\n\t\t\t\t<\/div>\n\t\t\t\t<\/div>\n\t\t\t\t<\/div>\n\t\t\t\t<\/div>\n\t\t\t\t\t<\/div>\n\t\t\t\t<\/div>\n\t\t\t\t<\/div>","protected":false},"excerpt":{"rendered":"<p>Ekonomisk r\u00e5dgivning f\u00f6r f\u00f6retag Vi erbjuder l\u00f6pande ekonomisk r\u00e5dgivning som hj\u00e4lper dig att fatta r\u00e4tt beslut och utveckla din verksamhet. Med Leansa f\u00e5r du en engagerad partner som f\u00f6rst\u00e5r ditt f\u00f6retag och bidrar till h\u00e5llbar tillv\u00e4xt.\u00a0 Vi hj\u00e4lper dig fatta smarta ekonomiska beslut Ekonomisk r\u00e5dgivning \u00e4r k\u00e4rnan i v\u00e5rt arbete. Vi analyserar siffrorna bakom din [&hellip;]<\/p>","protected":false},"author":1,"featured_media":0,"parent":0,"menu_order":0,"comment_status":"closed","ping_status":"closed","template":"elementor_header_footer","meta":{"_acf_changed":false,"footnotes":""},"class_list":["post-399","page","type-page","status-publish","hentry"],"acf":[],"yoast_head":"<!-- This site is optimized with the Yoast SEO plugin v26.5 - https:\/\/yoast.com\/wordpress\/plugins\/seo\/ -->\n<title>Financial advisory | Leansa \u2013 Financial guidance for businesses<\/title>\n<meta name=\"description\" content=\"Leansa provides financial advisory services that help businesses make informed decisions. We support budgeting, forecasting, investment planning, analysis and long-term financial strategy\" \/>\n<meta name=\"robots\" content=\"index, follow, max-snippet:-1, max-image-preview:large, max-video-preview:-1\" \/>\n<link rel=\"canonical\" href=\"https:\/\/www.leansa.se\/en\/radgivning\/\" \/>\n<meta property=\"og:locale\" content=\"en_US\" \/>\n<meta property=\"og:type\" content=\"article\" \/>\n<meta property=\"og:title\" content=\"R\u00e5dgivning | Leansa \u2013 Ekonomisk r\u00e5dgivning f\u00f6r f\u00f6retag\" \/>\n<meta property=\"og:description\" content=\"Leansa erbjuder ekonomisk r\u00e5dgivning som hj\u00e4lper f\u00f6retag att fatta b\u00e4ttre beslut. Vi ger st\u00f6dinom budget, prognoser, investeringar, analys och l\u00e5ngsiktig ekonomisk planering.\" \/>\n<meta property=\"og:url\" content=\"https:\/\/www.leansa.se\/en\/radgivning\/\" \/>\n<meta property=\"og:site_name\" content=\"Leansa\" \/>\n<meta property=\"article:modified_time\" content=\"2025-12-04T23:37:02+00:00\" \/>\n<meta property=\"og:image\" content=\"https:\/\/www.leansa.se\/wp-content\/uploads\/2025\/10\/Rectangle-19957.jpg\" \/>\n<meta name=\"twitter:card\" content=\"summary_large_image\" \/>\n<meta name=\"twitter:label1\" content=\"Est. reading time\" \/>\n\t<meta name=\"twitter:data1\" content=\"1 minute\" \/>\n<script type=\"application\/ld+json\" class=\"yoast-schema-graph\">{\"@context\":\"https:\/\/schema.org\",\"@graph\":[{\"@type\":\"WebPage\",\"@id\":\"https:\/\/www.leansa.se\/radgivning\/\",\"url\":\"https:\/\/www.leansa.se\/radgivning\/\",\"name\":\"R\u00e5dgivning | Leansa \u2013 Ekonomisk r\u00e5dgivning f\u00f6r f\u00f6retag\",\"isPartOf\":{\"@id\":\"https:\/\/www.leansa.se\/#website\"},\"primaryImageOfPage\":{\"@id\":\"https:\/\/www.leansa.se\/radgivning\/#primaryimage\"},\"image\":{\"@id\":\"https:\/\/www.leansa.se\/radgivning\/#primaryimage\"},\"thumbnailUrl\":\"https:\/\/www.leansa.se\/wp-content\/uploads\/2025\/10\/Rectangle-19957.jpg\",\"datePublished\":\"2025-10-15T06:34:18+00:00\",\"dateModified\":\"2025-12-04T23:37:02+00:00\",\"description\":\"Leansa erbjuder ekonomisk r\u00e5dgivning som hj\u00e4lper f\u00f6retag att fatta b\u00e4ttre beslut. Vi ger st\u00f6dinom budget, prognoser, investeringar, analys och l\u00e5ngsiktig ekonomisk planering.\",\"breadcrumb\":{\"@id\":\"https:\/\/www.leansa.se\/radgivning\/#breadcrumb\"},\"inLanguage\":\"en-US\",\"potentialAction\":[{\"@type\":\"ReadAction\",\"target\":[\"https:\/\/www.leansa.se\/radgivning\/\"]}]},{\"@type\":\"ImageObject\",\"inLanguage\":\"en-US\",\"@id\":\"https:\/\/www.leansa.se\/radgivning\/#primaryimage\",\"url\":\"https:\/\/www.leansa.se\/wp-content\/uploads\/2025\/10\/Rectangle-19957.jpg\",\"contentUrl\":\"https:\/\/www.leansa.se\/wp-content\/uploads\/2025\/10\/Rectangle-19957.jpg\"},{\"@type\":\"BreadcrumbList\",\"@id\":\"https:\/\/www.leansa.se\/radgivning\/#breadcrumb\",\"itemListElement\":[{\"@type\":\"ListItem\",\"position\":1,\"name\":\"Home\",\"item\":\"https:\/\/www.leansa.se\/\"},{\"@type\":\"ListItem\",\"position\":2,\"name\":\"Ekonomisk r\u00e5dgivning f\u00f6r f\u00f6retag \u2013 Ta smartare beslut med Leansa\"}]},{\"@type\":\"WebSite\",\"@id\":\"https:\/\/www.leansa.se\/#website\",\"url\":\"https:\/\/www.leansa.se\/\",\"name\":\"Leansa\",\"description\":\"\",\"potentialAction\":[{\"@type\":\"SearchAction\",\"target\":{\"@type\":\"EntryPoint\",\"urlTemplate\":\"https:\/\/www.leansa.se\/?s={search_term_string}\"},\"query-input\":{\"@type\":\"PropertyValueSpecification\",\"valueRequired\":true,\"valueName\":\"search_term_string\"}}],\"inLanguage\":\"en-US\"}]}<\/script>\n<!-- \/ Yoast SEO plugin. -->","yoast_head_json":{"title":"Financial advisory | Leansa \u2013 Financial guidance for businesses","description":"Leansa provides financial advisory services that help businesses make informed decisions. We support budgeting, forecasting, investment planning, analysis and long-term financial strategy","robots":{"index":"index","follow":"follow","max-snippet":"max-snippet:-1","max-image-preview":"max-image-preview:large","max-video-preview":"max-video-preview:-1"},"canonical":"https:\/\/www.leansa.se\/en\/radgivning\/","og_locale":"en_US","og_type":"article","og_title":"R\u00e5dgivning | Leansa \u2013 Ekonomisk r\u00e5dgivning f\u00f6r f\u00f6retag","og_description":"Leansa erbjuder ekonomisk r\u00e5dgivning som hj\u00e4lper f\u00f6retag att fatta b\u00e4ttre beslut. Vi ger st\u00f6dinom budget, prognoser, investeringar, analys och l\u00e5ngsiktig ekonomisk planering.","og_url":"https:\/\/www.leansa.se\/en\/radgivning\/","og_site_name":"Leansa","article_modified_time":"2025-12-04T23:37:02+00:00","og_image":[{"url":"https:\/\/www.leansa.se\/wp-content\/uploads\/2025\/10\/Rectangle-19957.jpg","type":"","width":"","height":""}],"twitter_card":"summary_large_image","twitter_misc":{"Est. reading time":"1 minute"},"schema":{"@context":"https:\/\/schema.org","@graph":[{"@type":"WebPage","@id":"https:\/\/www.leansa.se\/radgivning\/","url":"https:\/\/www.leansa.se\/radgivning\/","name":"R\u00e5dgivning | Leansa \u2013 Ekonomisk r\u00e5dgivning f\u00f6r f\u00f6retag","isPartOf":{"@id":"https:\/\/www.leansa.se\/#website"},"primaryImageOfPage":{"@id":"https:\/\/www.leansa.se\/radgivning\/#primaryimage"},"image":{"@id":"https:\/\/www.leansa.se\/radgivning\/#primaryimage"},"thumbnailUrl":"https:\/\/www.leansa.se\/wp-content\/uploads\/2025\/10\/Rectangle-19957.jpg","datePublished":"2025-10-15T06:34:18+00:00","dateModified":"2025-12-04T23:37:02+00:00","description":"Leansa erbjuder ekonomisk r\u00e5dgivning som hj\u00e4lper f\u00f6retag att fatta b\u00e4ttre beslut. Vi ger st\u00f6dinom budget, prognoser, investeringar, analys och l\u00e5ngsiktig ekonomisk planering.","breadcrumb":{"@id":"https:\/\/www.leansa.se\/radgivning\/#breadcrumb"},"inLanguage":"en-US","potentialAction":[{"@type":"ReadAction","target":["https:\/\/www.leansa.se\/radgivning\/"]}]},{"@type":"ImageObject","inLanguage":"en-US","@id":"https:\/\/www.leansa.se\/radgivning\/#primaryimage","url":"https:\/\/www.leansa.se\/wp-content\/uploads\/2025\/10\/Rectangle-19957.jpg","contentUrl":"https:\/\/www.leansa.se\/wp-content\/uploads\/2025\/10\/Rectangle-19957.jpg"},{"@type":"BreadcrumbList","@id":"https:\/\/www.leansa.se\/radgivning\/#breadcrumb","itemListElement":[{"@type":"ListItem","position":1,"name":"Home","item":"https:\/\/www.leansa.se\/"},{"@type":"ListItem","position":2,"name":"Ekonomisk r\u00e5dgivning f\u00f6r f\u00f6retag \u2013 Ta smartare beslut med Leansa"}]},{"@type":"WebSite","@id":"https:\/\/www.leansa.se\/#website","url":"https:\/\/www.leansa.se\/","name":"Leansa","description":"","potentialAction":[{"@type":"SearchAction","target":{"@type":"EntryPoint","urlTemplate":"https:\/\/www.leansa.se\/?s={search_term_string}"},"query-input":{"@type":"PropertyValueSpecification","valueRequired":true,"valueName":"search_term_string"}}],"inLanguage":"en-US"}]}},"_links":{"self":[{"href":"https:\/\/www.leansa.se\/en\/wp-json\/wp\/v2\/pages\/399","targetHints":{"allow":["GET"]}}],"collection":[{"href":"https:\/\/www.leansa.se\/en\/wp-json\/wp\/v2\/pages"}],"about":[{"href":"https:\/\/www.leansa.se\/en\/wp-json\/wp\/v2\/types\/page"}],"author":[{"embeddable":true,"href":"https:\/\/www.leansa.se\/en\/wp-json\/wp\/v2\/users\/1"}],"replies":[{"embeddable":true,"href":"https:\/\/www.leansa.se\/en\/wp-json\/wp\/v2\/comments?post=399"}],"version-history":[{"count":9,"href":"https:\/\/www.leansa.se\/en\/wp-json\/wp\/v2\/pages\/399\/revisions"}],"predecessor-version":[{"id":629,"href":"https:\/\/www.leansa.se\/en\/wp-json\/wp\/v2\/pages\/399\/revisions\/629"}],"wp:attachment":[{"href":"https:\/\/www.leansa.se\/en\/wp-json\/wp\/v2\/media?parent=399"}],"curies":[{"name":"wp","href":"https:\/\/api.w.org\/{rel}","templated":true}]}}