{"id":377,"date":"2025-10-15T06:26:51","date_gmt":"2025-10-15T06:26:51","guid":{"rendered":"https:\/\/www.leansa.se\/?page_id=377"},"modified":"2025-12-04T23:35:40","modified_gmt":"2025-12-04T23:35:40","slug":"lopande-bokforing","status":"publish","type":"page","link":"https:\/\/www.leansa.se\/en\/lopande-bokforing\/","title":{"rendered":"L\u00f6pande bokf\u00f6ring f\u00f6r f\u00f6retag \u2013 Professionell redovisning med Leansa"},"content":{"rendered":"<div data-elementor-type=\"wp-page\" data-elementor-id=\"377\" class=\"elementor elementor-377\" data-elementor-post-type=\"page\">\n\t\t\t\t<div class=\"elementor-element elementor-element-2b7c468 hero-inner e-flex e-con-boxed e-con e-parent\" data-id=\"2b7c468\" data-element_type=\"container\" data-settings=\"{&quot;background_background&quot;:&quot;classic&quot;}\">\n\t\t\t\t\t<div class=\"e-con-inner\">\n\t\t\t\t<div class=\"elementor-element elementor-element-9a34fc2 elementor-widget elementor-widget-heading\" data-id=\"9a34fc2\" data-element_type=\"widget\" data-widget_type=\"heading.default\">\n\t\t\t\t<div class=\"elementor-widget-container\">\n\t\t\t\t\t<h1 class=\"elementor-heading-title elementor-size-default\">Accurate and efficient accounting that keeps your finances up to date and under control.<\/h1>\t\t\t\t<\/div>\n\t\t\t\t<\/div>\n\t\t\t\t<div class=\"elementor-element elementor-element-645911a elementor-widget elementor-widget-text-editor\" data-id=\"645911a\" data-element_type=\"widget\" data-widget_type=\"text-editor.default\">\n\t\t\t\t<div class=\"elementor-widget-container\">\n\t\t\t\t\t\t\t\t\t<p><span style=\"font-weight: 400;\">We manage your entire accounting process, from recording transactions and reconciling\naccounts to preparing monthly reports. With Leansa, you have a modern and dependable\naccounting partner who ensures your numbers are accurate and your finances are always in\norder, so you can focus on growing your business. <\/span><\/p>\t\t\t\t\t\t\t\t<\/div>\n\t\t\t\t<\/div>\n\t\t\t\t\t<\/div>\n\t\t\t\t<\/div>\n\t\t<div class=\"elementor-element elementor-element-1cd3fc7 py-70 e-flex e-con-boxed e-con e-parent\" data-id=\"1cd3fc7\" data-element_type=\"container\" data-settings=\"{&quot;background_background&quot;:&quot;classic&quot;}\">\n\t\t\t\t\t<div class=\"e-con-inner\">\n\t\t<div class=\"elementor-element elementor-element-ec210e5 e-con-full e-flex e-con e-child\" data-id=\"ec210e5\" data-element_type=\"container\" data-settings=\"{&quot;background_background&quot;:&quot;classic&quot;}\">\n\t\t<div class=\"elementor-element elementor-element-ce3c803 e-con-full e-flex e-con e-child\" data-id=\"ce3c803\" data-element_type=\"container\">\n\t\t\t\t<div class=\"elementor-element elementor-element-63b6b12 elementor-widget elementor-widget-image\" data-id=\"63b6b12\" data-element_type=\"widget\" data-widget_type=\"image.default\">\n\t\t\t\t<div class=\"elementor-widget-container\">\n\t\t\t\t\t\t\t\t\t\t\t\t\t\t\t<img fetchpriority=\"high\" decoding=\"async\" width=\"475\" height=\"565\" src=\"https:\/\/www.leansa.se\/wp-content\/uploads\/2025\/10\/Rectangle-19957.jpg\" class=\"attachment-large size-large wp-image-39\" alt=\"\" srcset=\"https:\/\/www.leansa.se\/wp-content\/uploads\/2025\/10\/Rectangle-19957.jpg 475w, https:\/\/www.leansa.se\/wp-content\/uploads\/2025\/10\/Rectangle-19957-252x300.jpg 252w\" sizes=\"(max-width: 475px) 100vw, 475px\" \/>\t\t\t\t\t\t\t\t\t\t\t\t\t\t\t<\/div>\n\t\t\t\t<\/div>\n\t\t<div class=\"elementor-element elementor-element-c8abe48 e-con-full e-flex e-con e-child\" data-id=\"c8abe48\" data-element_type=\"container\">\n\t\t\t\t<div class=\"elementor-element elementor-element-f56300d elementor-widget elementor-widget-heading\" data-id=\"f56300d\" data-element_type=\"widget\" data-widget_type=\"heading.default\">\n\t\t\t\t<div class=\"elementor-widget-container\">\n\t\t\t\t\t<h2 class=\"elementor-heading-title elementor-size-default\">Complete accounting services for your business<\/h2>\t\t\t\t<\/div>\n\t\t\t\t<\/div>\n\t\t\t\t<div class=\"elementor-element elementor-element-ab88b49 elementor-widget elementor-widget-text-editor\" data-id=\"ab88b49\" data-element_type=\"widget\" data-widget_type=\"text-editor.default\">\n\t\t\t\t<div class=\"elementor-widget-container\">\n\t\t\t\t\t\t\t\t\t<p>Accurate accounting is the foundation of a healthy business. At Leansa, we manage the\nentire process digitally, using smart systems that reduce manual work and increase\nprecision. You gain a clear, real-time overview of your company\u2019s income, expenses and\nresults.<\/p><p>We handle everything from accounting, bank reconciliations and reporting to accruals and\nVAT management. With our support, your accounting becomes more than just correct, it\nbecomes a valuable tool for better financial decisions.<\/p><p>Our accounting services suit businesses of all sizes and industries. We work in trusted\nsystems such as Fortnox, Visma and PE Accounting, and can easily adapt to your existing\nsetup.<\/p>\t\t\t\t\t\t\t\t<\/div>\n\t\t\t\t<\/div>\n\t\t\t\t<\/div>\n\t\t\t\t<\/div>\n\t\t\t\t<\/div>\n\t\t\t\t\t<\/div>\n\t\t\t\t<\/div>\n\t\t\t\t<\/div>","protected":false},"excerpt":{"rendered":"<p>L\u00f6pande bokf\u00f6ring som ger dig full kontroll Vi hj\u00e4lper dig med hela din l\u00f6pande bokf\u00f6ring, fr\u00e5n verifikationer och kontering till m\u00e5nadsavst\u00e4mningar och rapportering. Med Leansa f\u00e5r du en modern och p\u00e5litlig redovisningspartner som h\u00e5ller ordning p\u00e5 siffrorna, s\u00e5 att du kan fokusera p\u00e5 din verksamhet. Fr\u00e5n kontering till rapportering \u2013 vi sk\u00f6ter hela bokf\u00f6ringen L\u00f6pande [&hellip;]<\/p>","protected":false},"author":1,"featured_media":0,"parent":0,"menu_order":0,"comment_status":"closed","ping_status":"closed","template":"elementor_header_footer","meta":{"_acf_changed":false,"footnotes":""},"class_list":["post-377","page","type-page","status-publish","hentry"],"acf":[],"yoast_head":"<!-- This site is optimized with the Yoast SEO plugin v26.5 - https:\/\/yoast.com\/wordpress\/plugins\/seo\/ -->\n<title>Accounting | Leansa \u2013 Accurate day-to-day accounting and reporting<\/title>\n<meta name=\"description\" content=\"Leansa provides accurate and fully managed accounting, including day-to-day bookkeeping, reconciliations, reporting and VAT management. Gain clarity and full financial control.\" \/>\n<meta name=\"robots\" content=\"index, follow, max-snippet:-1, max-image-preview:large, max-video-preview:-1\" \/>\n<link rel=\"canonical\" href=\"https:\/\/www.leansa.se\/en\/lopande-bokforing\/\" \/>\n<meta property=\"og:locale\" content=\"en_US\" \/>\n<meta property=\"og:type\" content=\"article\" \/>\n<meta property=\"og:title\" content=\"Bokf\u00f6ring f\u00f6r f\u00f6retag | Leansa \u2013 L\u00f6pande redovisning och rapportering\" \/>\n<meta property=\"og:description\" content=\"Leansa erbjuder digital och effektiv bokf\u00f6ring med l\u00f6pande redovisning, avst\u00e4mningar,rapportering och moms. F\u00e5 full kontroll \u00f6ver f\u00f6retagets ekonomi med moderna verktyg.\" \/>\n<meta property=\"og:url\" content=\"https:\/\/www.leansa.se\/en\/lopande-bokforing\/\" \/>\n<meta property=\"og:site_name\" content=\"Leansa\" \/>\n<meta property=\"article:modified_time\" content=\"2025-12-04T23:35:40+00:00\" \/>\n<meta property=\"og:image\" content=\"https:\/\/www.leansa.se\/wp-content\/uploads\/2025\/10\/Rectangle-19957.jpg\" \/>\n<meta name=\"twitter:card\" content=\"summary_large_image\" \/>\n<meta name=\"twitter:label1\" content=\"Est. reading time\" \/>\n\t<meta name=\"twitter:data1\" content=\"1 minute\" \/>\n<script type=\"application\/ld+json\" class=\"yoast-schema-graph\">{\"@context\":\"https:\/\/schema.org\",\"@graph\":[{\"@type\":\"WebPage\",\"@id\":\"https:\/\/www.leansa.se\/lopande-bokforing\/\",\"url\":\"https:\/\/www.leansa.se\/lopande-bokforing\/\",\"name\":\"Bokf\u00f6ring f\u00f6r f\u00f6retag | Leansa \u2013 L\u00f6pande redovisning och rapportering\",\"isPartOf\":{\"@id\":\"https:\/\/www.leansa.se\/#website\"},\"primaryImageOfPage\":{\"@id\":\"https:\/\/www.leansa.se\/lopande-bokforing\/#primaryimage\"},\"image\":{\"@id\":\"https:\/\/www.leansa.se\/lopande-bokforing\/#primaryimage\"},\"thumbnailUrl\":\"https:\/\/www.leansa.se\/wp-content\/uploads\/2025\/10\/Rectangle-19957.jpg\",\"datePublished\":\"2025-10-15T06:26:51+00:00\",\"dateModified\":\"2025-12-04T23:35:40+00:00\",\"description\":\"Leansa erbjuder digital och effektiv bokf\u00f6ring med l\u00f6pande redovisning, avst\u00e4mningar,rapportering och moms. F\u00e5 full kontroll \u00f6ver f\u00f6retagets ekonomi med moderna verktyg.\",\"breadcrumb\":{\"@id\":\"https:\/\/www.leansa.se\/lopande-bokforing\/#breadcrumb\"},\"inLanguage\":\"en-US\",\"potentialAction\":[{\"@type\":\"ReadAction\",\"target\":[\"https:\/\/www.leansa.se\/lopande-bokforing\/\"]}]},{\"@type\":\"ImageObject\",\"inLanguage\":\"en-US\",\"@id\":\"https:\/\/www.leansa.se\/lopande-bokforing\/#primaryimage\",\"url\":\"https:\/\/www.leansa.se\/wp-content\/uploads\/2025\/10\/Rectangle-19957.jpg\",\"contentUrl\":\"https:\/\/www.leansa.se\/wp-content\/uploads\/2025\/10\/Rectangle-19957.jpg\"},{\"@type\":\"BreadcrumbList\",\"@id\":\"https:\/\/www.leansa.se\/lopande-bokforing\/#breadcrumb\",\"itemListElement\":[{\"@type\":\"ListItem\",\"position\":1,\"name\":\"Home\",\"item\":\"https:\/\/www.leansa.se\/\"},{\"@type\":\"ListItem\",\"position\":2,\"name\":\"L\u00f6pande bokf\u00f6ring f\u00f6r f\u00f6retag \u2013 Professionell redovisning med Leansa\"}]},{\"@type\":\"WebSite\",\"@id\":\"https:\/\/www.leansa.se\/#website\",\"url\":\"https:\/\/www.leansa.se\/\",\"name\":\"Leansa\",\"description\":\"\",\"potentialAction\":[{\"@type\":\"SearchAction\",\"target\":{\"@type\":\"EntryPoint\",\"urlTemplate\":\"https:\/\/www.leansa.se\/?s={search_term_string}\"},\"query-input\":{\"@type\":\"PropertyValueSpecification\",\"valueRequired\":true,\"valueName\":\"search_term_string\"}}],\"inLanguage\":\"en-US\"}]}<\/script>\n<!-- \/ Yoast SEO plugin. -->","yoast_head_json":{"title":"Accounting | Leansa \u2013 Accurate day-to-day accounting and reporting","description":"Leansa provides accurate and fully managed accounting, including day-to-day bookkeeping, reconciliations, reporting and VAT management. Gain clarity and full financial control.","robots":{"index":"index","follow":"follow","max-snippet":"max-snippet:-1","max-image-preview":"max-image-preview:large","max-video-preview":"max-video-preview:-1"},"canonical":"https:\/\/www.leansa.se\/en\/lopande-bokforing\/","og_locale":"en_US","og_type":"article","og_title":"Bokf\u00f6ring f\u00f6r f\u00f6retag | Leansa \u2013 L\u00f6pande redovisning och rapportering","og_description":"Leansa erbjuder digital och effektiv bokf\u00f6ring med l\u00f6pande redovisning, avst\u00e4mningar,rapportering och moms. F\u00e5 full kontroll \u00f6ver f\u00f6retagets ekonomi med moderna verktyg.","og_url":"https:\/\/www.leansa.se\/en\/lopande-bokforing\/","og_site_name":"Leansa","article_modified_time":"2025-12-04T23:35:40+00:00","og_image":[{"url":"https:\/\/www.leansa.se\/wp-content\/uploads\/2025\/10\/Rectangle-19957.jpg","type":"","width":"","height":""}],"twitter_card":"summary_large_image","twitter_misc":{"Est. reading time":"1 minute"},"schema":{"@context":"https:\/\/schema.org","@graph":[{"@type":"WebPage","@id":"https:\/\/www.leansa.se\/lopande-bokforing\/","url":"https:\/\/www.leansa.se\/lopande-bokforing\/","name":"Bokf\u00f6ring f\u00f6r f\u00f6retag | Leansa \u2013 L\u00f6pande redovisning och rapportering","isPartOf":{"@id":"https:\/\/www.leansa.se\/#website"},"primaryImageOfPage":{"@id":"https:\/\/www.leansa.se\/lopande-bokforing\/#primaryimage"},"image":{"@id":"https:\/\/www.leansa.se\/lopande-bokforing\/#primaryimage"},"thumbnailUrl":"https:\/\/www.leansa.se\/wp-content\/uploads\/2025\/10\/Rectangle-19957.jpg","datePublished":"2025-10-15T06:26:51+00:00","dateModified":"2025-12-04T23:35:40+00:00","description":"Leansa erbjuder digital och effektiv bokf\u00f6ring med l\u00f6pande redovisning, avst\u00e4mningar,rapportering och moms. F\u00e5 full kontroll \u00f6ver f\u00f6retagets ekonomi med moderna verktyg.","breadcrumb":{"@id":"https:\/\/www.leansa.se\/lopande-bokforing\/#breadcrumb"},"inLanguage":"en-US","potentialAction":[{"@type":"ReadAction","target":["https:\/\/www.leansa.se\/lopande-bokforing\/"]}]},{"@type":"ImageObject","inLanguage":"en-US","@id":"https:\/\/www.leansa.se\/lopande-bokforing\/#primaryimage","url":"https:\/\/www.leansa.se\/wp-content\/uploads\/2025\/10\/Rectangle-19957.jpg","contentUrl":"https:\/\/www.leansa.se\/wp-content\/uploads\/2025\/10\/Rectangle-19957.jpg"},{"@type":"BreadcrumbList","@id":"https:\/\/www.leansa.se\/lopande-bokforing\/#breadcrumb","itemListElement":[{"@type":"ListItem","position":1,"name":"Home","item":"https:\/\/www.leansa.se\/"},{"@type":"ListItem","position":2,"name":"L\u00f6pande bokf\u00f6ring f\u00f6r f\u00f6retag \u2013 Professionell redovisning med Leansa"}]},{"@type":"WebSite","@id":"https:\/\/www.leansa.se\/#website","url":"https:\/\/www.leansa.se\/","name":"Leansa","description":"","potentialAction":[{"@type":"SearchAction","target":{"@type":"EntryPoint","urlTemplate":"https:\/\/www.leansa.se\/?s={search_term_string}"},"query-input":{"@type":"PropertyValueSpecification","valueRequired":true,"valueName":"search_term_string"}}],"inLanguage":"en-US"}]}},"_links":{"self":[{"href":"https:\/\/www.leansa.se\/en\/wp-json\/wp\/v2\/pages\/377","targetHints":{"allow":["GET"]}}],"collection":[{"href":"https:\/\/www.leansa.se\/en\/wp-json\/wp\/v2\/pages"}],"about":[{"href":"https:\/\/www.leansa.se\/en\/wp-json\/wp\/v2\/types\/page"}],"author":[{"embeddable":true,"href":"https:\/\/www.leansa.se\/en\/wp-json\/wp\/v2\/users\/1"}],"replies":[{"embeddable":true,"href":"https:\/\/www.leansa.se\/en\/wp-json\/wp\/v2\/comments?post=377"}],"version-history":[{"count":18,"href":"https:\/\/www.leansa.se\/en\/wp-json\/wp\/v2\/pages\/377\/revisions"}],"predecessor-version":[{"id":627,"href":"https:\/\/www.leansa.se\/en\/wp-json\/wp\/v2\/pages\/377\/revisions\/627"}],"wp:attachment":[{"href":"https:\/\/www.leansa.se\/en\/wp-json\/wp\/v2\/media?parent=377"}],"curies":[{"name":"wp","href":"https:\/\/api.w.org\/{rel}","templated":true}]}}