{"id":276,"date":"2025-10-14T00:21:18","date_gmt":"2025-10-14T00:21:18","guid":{"rendered":"https:\/\/www.leansa.se\/?page_id=276"},"modified":"2025-12-04T23:41:11","modified_gmt":"2025-12-04T23:41:11","slug":"karriar-listing","status":"publish","type":"page","link":"https:\/\/www.leansa.se\/en\/karriar-listing\/","title":{"rendered":"Careers"},"content":{"rendered":"<div data-elementor-type=\"wp-page\" data-elementor-id=\"276\" class=\"elementor elementor-276\" data-elementor-post-type=\"page\">\n\t\t\t\t<div class=\"elementor-element elementor-element-5997485 hero-inner e-flex e-con-boxed e-con e-parent\" data-id=\"5997485\" data-element_type=\"container\" data-settings=\"{&quot;background_background&quot;:&quot;classic&quot;}\">\n\t\t\t\t\t<div class=\"e-con-inner\">\n\t\t\t\t<div class=\"elementor-element elementor-element-9593d29 elementor-widget elementor-widget-heading\" data-id=\"9593d29\" data-element_type=\"widget\" data-widget_type=\"heading.default\">\n\t\t\t\t<div class=\"elementor-widget-container\">\n\t\t\t\t\t<h1 class=\"elementor-heading-title elementor-size-default\">Careers<\/h1>\t\t\t\t<\/div>\n\t\t\t\t<\/div>\n\t\t\t\t\t<\/div>\n\t\t\t\t<\/div>\n\t\t<div class=\"elementor-element elementor-element-6f2bb3b py-70 e-flex e-con-boxed e-con e-parent\" data-id=\"6f2bb3b\" data-element_type=\"container\">\n\t\t\t\t\t<div class=\"e-con-inner\">\n\t\t\t\t<div class=\"elementor-element elementor-element-7332aae elementor-widget elementor-widget-text-editor\" data-id=\"7332aae\" data-element_type=\"widget\" data-widget_type=\"text-editor.default\">\n\t\t\t\t<div class=\"elementor-widget-container\">\n\t\t\t\t\t\t\t\t\t<h1>We are hiring an<br \/>accounting consultant<\/h1><p>Leansa is now looking for a full-time accounting consultant to join our team at our office in\nAlvik, Bromma. The start date is flexible and can be agreed upon together.<\/p><h2>About the company<\/h2><p>Leansa is a modern accounting firm with eight employees, including specialists in accounting\nand payroll. We take pride in maintaining a friendly and open work environment,\ncharacterized by professionalism, humor and collaboration.\nOur clients are small to medium-sized limited companies, and our focus is always on quality,\nreliability and customer satisfaction.<\/p><h2>Job description<\/h2><p>As an Accounting Consultant at Leansa, you will be responsible for a portfolio of clients,\nmanaging parts of \u2014 or the entire \u2014 financial process. Your work will include everything\nfrom invoice management and day-to-day accounting to preparing annual reports and tax\nreturns.<\/p><ul><li>Accounting<\/li><li>Reconciliations<\/li><li>VAT and tax matters<\/li><li>Closing of books and preparation of annual reports (K2 and K3)<\/li><li>Financial consulting, including budgeting and forecasting<\/li><li>We primarily work in Fortnox and Capego.<\/li><\/ul><h2>Qualifications and profile<\/h2><p>We are looking for someone who has either recently graduated in finance or has a few years\nof experience in accounting. Education or experience in group accounting is an advantage.\nBecause some of our clients do not speak Swedish, fluency in both spoken and written\nEnglish \u2014 in addition to Swedish \u2014 is important.\n\nTo thrive at Leansa, you should be meticulous, ambitious and service-minded. You take\nresponsibility for your work, value accuracy, and enjoy working independently.<\/p><h2>What Leansa offers<\/h2><p>We offer a calm, supportive and secure workplace where you can grow quickly in your\ncareer. Leansa provides competitive compensation, an occupational pension and a balanced\nworkload.<\/p><p>Currently, we would like you to spend three days per week working from our office in Alvik, Bromma. This recruitment is managed by our recruiter, Axel. If you are interested, please send your CV (or a link to your LinkedIn profile) and a short personal letter to <a href=\"mailto:axel@rekryteraren.com\">axel@rekryteraren.com<\/a><span> <\/span> and mark your email with \u201cAccounting Consultant\u201d.<\/p><p>We look forward to receiving your application!<\/p>\t\t\t\t\t\t\t\t<\/div>\n\t\t\t\t<\/div>\n\t\t\t\t\t<\/div>\n\t\t\t\t<\/div>\n\t\t\t\t<\/div>","protected":false},"excerpt":{"rendered":"<p>Karri\u00e4r Vi s\u00f6ker enredovisningskonsult Vi vill nu rekrytera en redovisningskonsult. Tj\u00e4nsten \u00e4r p\u00e5 heltid och vi har v\u00e5rt kontor i Alvik, Bromma. Start enligt \u00f6verenskommelse. Om F\u00f6retaget Leansa \u00e4r en redovisningsbyr\u00e5 som idag best\u00e5r av 8 medarbetare d\u00e4r 4 jobbar med redovisning och 2 med l\u00f6n. Vi tycker sj\u00e4lva att vi har ett mycket trevligt [&hellip;]<\/p>","protected":false},"author":1,"featured_media":0,"parent":0,"menu_order":0,"comment_status":"closed","ping_status":"closed","template":"elementor_header_footer","meta":{"_acf_changed":false,"footnotes":""},"class_list":["post-276","page","type-page","status-publish","hentry"],"acf":[],"yoast_head":"<!-- This site is optimized with the Yoast SEO plugin v26.5 - https:\/\/yoast.com\/wordpress\/plugins\/seo\/ -->\n<title>Accounting consultant | Careers at Leansa Stockholm<\/title>\n<meta name=\"description\" content=\"Leansa is hiring an accounting consultant in Stockholm. Full-time position in a modern and supportive accounting firm with great career opportunities. Apply today.\" \/>\n<meta name=\"robots\" content=\"index, follow, max-snippet:-1, max-image-preview:large, max-video-preview:-1\" \/>\n<link rel=\"canonical\" href=\"https:\/\/www.leansa.se\/en\/karriar-listing\/\" \/>\n<meta property=\"og:locale\" content=\"en_US\" \/>\n<meta property=\"og:type\" content=\"article\" \/>\n<meta property=\"og:title\" content=\"Vi s\u00f6ker redovisningskonsult | Jobba hos Leansa i Stockholm\" \/>\n<meta property=\"og:description\" content=\"Leansa s\u00f6ker en redovisningskonsult till v\u00e5rt kontor i Stockholm. Heltidstj\u00e4nst medutvecklingsm\u00f6jligheter i ett modernt och tryggt team. Ans\u00f6k idag.\" \/>\n<meta property=\"og:url\" content=\"https:\/\/www.leansa.se\/en\/karriar-listing\/\" \/>\n<meta property=\"og:site_name\" content=\"Leansa\" \/>\n<meta property=\"article:modified_time\" content=\"2025-12-04T23:41:11+00:00\" \/>\n<meta name=\"twitter:card\" content=\"summary_large_image\" \/>\n<meta name=\"twitter:label1\" content=\"Est. reading time\" \/>\n\t<meta name=\"twitter:data1\" content=\"2 minutes\" \/>\n<script type=\"application\/ld+json\" class=\"yoast-schema-graph\">{\"@context\":\"https:\/\/schema.org\",\"@graph\":[{\"@type\":\"WebPage\",\"@id\":\"https:\/\/www.leansa.se\/karriar-listing\/\",\"url\":\"https:\/\/www.leansa.se\/karriar-listing\/\",\"name\":\"Vi s\u00f6ker redovisningskonsult | Jobba hos Leansa i Stockholm\",\"isPartOf\":{\"@id\":\"https:\/\/www.leansa.se\/#website\"},\"datePublished\":\"2025-10-14T00:21:18+00:00\",\"dateModified\":\"2025-12-04T23:41:11+00:00\",\"description\":\"Leansa s\u00f6ker en redovisningskonsult till v\u00e5rt kontor i Stockholm. Heltidstj\u00e4nst medutvecklingsm\u00f6jligheter i ett modernt och tryggt team. Ans\u00f6k idag.\",\"breadcrumb\":{\"@id\":\"https:\/\/www.leansa.se\/karriar-listing\/#breadcrumb\"},\"inLanguage\":\"en-US\",\"potentialAction\":[{\"@type\":\"ReadAction\",\"target\":[\"https:\/\/www.leansa.se\/karriar-listing\/\"]}]},{\"@type\":\"BreadcrumbList\",\"@id\":\"https:\/\/www.leansa.se\/karriar-listing\/#breadcrumb\",\"itemListElement\":[{\"@type\":\"ListItem\",\"position\":1,\"name\":\"Home\",\"item\":\"https:\/\/www.leansa.se\/\"},{\"@type\":\"ListItem\",\"position\":2,\"name\":\"Karri\u00e4r\"}]},{\"@type\":\"WebSite\",\"@id\":\"https:\/\/www.leansa.se\/#website\",\"url\":\"https:\/\/www.leansa.se\/\",\"name\":\"Leansa\",\"description\":\"\",\"potentialAction\":[{\"@type\":\"SearchAction\",\"target\":{\"@type\":\"EntryPoint\",\"urlTemplate\":\"https:\/\/www.leansa.se\/?s={search_term_string}\"},\"query-input\":{\"@type\":\"PropertyValueSpecification\",\"valueRequired\":true,\"valueName\":\"search_term_string\"}}],\"inLanguage\":\"en-US\"}]}<\/script>\n<!-- \/ Yoast SEO plugin. -->","yoast_head_json":{"title":"Accounting consultant | Careers at Leansa Stockholm","description":"Leansa is hiring an accounting consultant in Stockholm. Full-time position in a modern and supportive accounting firm with great career opportunities. Apply today.","robots":{"index":"index","follow":"follow","max-snippet":"max-snippet:-1","max-image-preview":"max-image-preview:large","max-video-preview":"max-video-preview:-1"},"canonical":"https:\/\/www.leansa.se\/en\/karriar-listing\/","og_locale":"en_US","og_type":"article","og_title":"Vi s\u00f6ker redovisningskonsult | Jobba hos Leansa i Stockholm","og_description":"Leansa s\u00f6ker en redovisningskonsult till v\u00e5rt kontor i Stockholm. Heltidstj\u00e4nst medutvecklingsm\u00f6jligheter i ett modernt och tryggt team. Ans\u00f6k idag.","og_url":"https:\/\/www.leansa.se\/en\/karriar-listing\/","og_site_name":"Leansa","article_modified_time":"2025-12-04T23:41:11+00:00","twitter_card":"summary_large_image","twitter_misc":{"Est. reading time":"2 minutes"},"schema":{"@context":"https:\/\/schema.org","@graph":[{"@type":"WebPage","@id":"https:\/\/www.leansa.se\/karriar-listing\/","url":"https:\/\/www.leansa.se\/karriar-listing\/","name":"Vi s\u00f6ker redovisningskonsult | Jobba hos Leansa i Stockholm","isPartOf":{"@id":"https:\/\/www.leansa.se\/#website"},"datePublished":"2025-10-14T00:21:18+00:00","dateModified":"2025-12-04T23:41:11+00:00","description":"Leansa s\u00f6ker en redovisningskonsult till v\u00e5rt kontor i Stockholm. Heltidstj\u00e4nst medutvecklingsm\u00f6jligheter i ett modernt och tryggt team. Ans\u00f6k idag.","breadcrumb":{"@id":"https:\/\/www.leansa.se\/karriar-listing\/#breadcrumb"},"inLanguage":"en-US","potentialAction":[{"@type":"ReadAction","target":["https:\/\/www.leansa.se\/karriar-listing\/"]}]},{"@type":"BreadcrumbList","@id":"https:\/\/www.leansa.se\/karriar-listing\/#breadcrumb","itemListElement":[{"@type":"ListItem","position":1,"name":"Home","item":"https:\/\/www.leansa.se\/"},{"@type":"ListItem","position":2,"name":"Karri\u00e4r"}]},{"@type":"WebSite","@id":"https:\/\/www.leansa.se\/#website","url":"https:\/\/www.leansa.se\/","name":"Leansa","description":"","potentialAction":[{"@type":"SearchAction","target":{"@type":"EntryPoint","urlTemplate":"https:\/\/www.leansa.se\/?s={search_term_string}"},"query-input":{"@type":"PropertyValueSpecification","valueRequired":true,"valueName":"search_term_string"}}],"inLanguage":"en-US"}]}},"_links":{"self":[{"href":"https:\/\/www.leansa.se\/en\/wp-json\/wp\/v2\/pages\/276","targetHints":{"allow":["GET"]}}],"collection":[{"href":"https:\/\/www.leansa.se\/en\/wp-json\/wp\/v2\/pages"}],"about":[{"href":"https:\/\/www.leansa.se\/en\/wp-json\/wp\/v2\/types\/page"}],"author":[{"embeddable":true,"href":"https:\/\/www.leansa.se\/en\/wp-json\/wp\/v2\/users\/1"}],"replies":[{"embeddable":true,"href":"https:\/\/www.leansa.se\/en\/wp-json\/wp\/v2\/comments?post=276"}],"version-history":[{"count":44,"href":"https:\/\/www.leansa.se\/en\/wp-json\/wp\/v2\/pages\/276\/revisions"}],"predecessor-version":[{"id":636,"href":"https:\/\/www.leansa.se\/en\/wp-json\/wp\/v2\/pages\/276\/revisions\/636"}],"wp:attachment":[{"href":"https:\/\/www.leansa.se\/en\/wp-json\/wp\/v2\/media?parent=276"}],"curies":[{"name":"wp","href":"https:\/\/api.w.org\/{rel}","templated":true}]}}