{"id":250,"date":"2025-10-14T00:16:35","date_gmt":"2025-10-14T00:16:35","guid":{"rendered":"https:\/\/www.leansa.se\/?page_id=250"},"modified":"2025-12-04T23:40:40","modified_gmt":"2025-12-04T23:40:40","slug":"karriar","status":"publish","type":"page","link":"https:\/\/www.leansa.se\/en\/karriar\/","title":{"rendered":"Careers"},"content":{"rendered":"<div data-elementor-type=\"wp-page\" data-elementor-id=\"250\" class=\"elementor elementor-250\" data-elementor-post-type=\"page\">\n\t\t\t\t<div class=\"elementor-element elementor-element-6578e04 hero-inner e-flex e-con-boxed e-con e-parent\" data-id=\"6578e04\" data-element_type=\"container\" data-settings=\"{&quot;background_background&quot;:&quot;classic&quot;}\">\n\t\t\t\t\t<div class=\"e-con-inner\">\n\t\t\t\t<div class=\"elementor-element elementor-element-6e49d05 elementor-widget elementor-widget-heading\" data-id=\"6e49d05\" data-element_type=\"widget\" data-widget_type=\"heading.default\">\n\t\t\t\t<div class=\"elementor-widget-container\">\n\t\t\t\t\t<h1 class=\"elementor-heading-title elementor-size-default\">Careers<\/h1>\t\t\t\t<\/div>\n\t\t\t\t<\/div>\n\t\t\t\t\t<\/div>\n\t\t\t\t<\/div>\n\t\t<div class=\"elementor-element elementor-element-5265867 e-grid py-70 e-con-boxed e-con e-parent\" data-id=\"5265867\" data-element_type=\"container\">\n\t\t\t\t\t<div class=\"e-con-inner\">\n\t\t<div class=\"elementor-element elementor-element-2854782 e-con-full blog-box e-flex e-con e-child\" data-id=\"2854782\" data-element_type=\"container\">\n\t\t\t\t<div class=\"elementor-element elementor-element-d59cc1c elementor-widget elementor-widget-image\" data-id=\"d59cc1c\" data-element_type=\"widget\" data-widget_type=\"image.default\">\n\t\t\t\t<div class=\"elementor-widget-container\">\n\t\t\t\t\t\t\t\t\t\t\t\t\t\t\t\t<a href=\"https:\/\/www.leansa.se\/en\/karriar-listing\/\">\n\t\t\t\t\t\t\t<img fetchpriority=\"high\" decoding=\"async\" width=\"359\" height=\"257\" src=\"https:\/\/www.leansa.se\/wp-content\/uploads\/2025\/10\/Rectangle-19980.png\" class=\"attachment-large size-large wp-image-255\" alt=\"\" srcset=\"https:\/\/www.leansa.se\/wp-content\/uploads\/2025\/10\/Rectangle-19980.png 359w, https:\/\/www.leansa.se\/wp-content\/uploads\/2025\/10\/Rectangle-19980-300x215.png 300w\" sizes=\"(max-width: 359px) 100vw, 359px\" \/>\t\t\t\t\t\t\t\t<\/a>\n\t\t\t\t\t\t\t\t\t\t\t\t\t\t\t<\/div>\n\t\t\t\t<\/div>\n\t\t\t\t<div class=\"elementor-element elementor-element-189dc1a elementor-widget elementor-widget-heading\" data-id=\"189dc1a\" data-element_type=\"widget\" data-widget_type=\"heading.default\">\n\t\t\t\t<div class=\"elementor-widget-container\">\n\t\t\t\t\t<h5 class=\"elementor-heading-title elementor-size-default\"><a href=\"https:\/\/www.leansa.se\/en\/karriar-listing\/\">We are hiring an accounting consultant<\/a><\/h5>\t\t\t\t<\/div>\n\t\t\t\t<\/div>\n\t\t\t\t<div class=\"elementor-element elementor-element-ea71941 elementor-icon-list--layout-inline elementor-align-center elementor-list-item-link-full_width elementor-widget elementor-widget-icon-list\" data-id=\"ea71941\" data-element_type=\"widget\" data-widget_type=\"icon-list.default\">\n\t\t\t\t<div class=\"elementor-widget-container\">\n\t\t\t\t\t\t\t<ul class=\"elementor-icon-list-items elementor-inline-items\">\n\t\t\t\t\t\t\t<li class=\"elementor-icon-list-item elementor-inline-item\">\n\t\t\t\t\t\t\t\t\t\t\t<a href=\"https:\/\/www.leansa.se\/en\/karriar-listing\/\">\n\n\t\t\t\t\t\t\t\t\t\t\t\t<span class=\"elementor-icon-list-icon\">\n\t\t\t\t\t\t\t<svg xmlns=\"http:\/\/www.w3.org\/2000\/svg\" width=\"16\" height=\"16\" viewbox=\"0 0 16 16\" fill=\"none\"><path d=\"M12.9109 1.22916H12.3141V0.625C12.3141 0.279813 12.0344 0 11.6894 0C11.3444 0 11.0647 0.279813 11.0647 0.625V1.22916H4.9353V0.625C4.9353 0.279813 4.65561 0 4.31058 0C3.96555 0 3.68586 0.279813 3.68586 0.625V1.22916H3.08909C1.38576 1.22916 0 2.61553 0 4.31959V12.9095C0 14.6136 1.38576 16 3.08909 16H12.9109C14.6142 16 16 14.6136 16 12.9095V4.31959C16 2.61553 14.6142 1.22916 12.9109 1.22916ZM3.08909 2.47916H3.68586V3.69791C3.68586 4.04309 3.96555 4.32291 4.31058 4.32291C4.65561 4.32291 4.9353 4.04309 4.9353 3.69791V2.47916H11.0647V3.69791C11.0647 4.04309 11.3444 4.32291 11.6894 4.32291C12.0345 4.32291 12.3141 4.04309 12.3141 3.69791V2.47916H12.9109C13.9253 2.47916 14.7506 3.30478 14.7506 4.31959V4.91666H1.24944V4.31959C1.24944 3.30478 2.0747 2.47916 3.08909 2.47916ZM12.9109 14.75H3.08909C2.0747 14.75 1.24944 13.9244 1.24944 12.9095V6.16666H14.7506V12.9095C14.7506 13.9244 13.9253 14.75 12.9109 14.75ZM5.54962 8.625C5.54962 8.97019 5.26993 9.25 4.9249 9.25H3.69629C3.35126 9.25 3.07157 8.97019 3.07157 8.625C3.07157 8.27981 3.35126 8 3.69629 8H4.9249C5.2699 8 5.54962 8.27981 5.54962 8.625ZM12.9285 8.625C12.9285 8.97019 12.6488 9.25 12.3037 9.25H11.0751C10.7301 9.25 10.4504 8.97019 10.4504 8.625C10.4504 8.27981 10.7301 8 11.0751 8H12.3037C12.6487 8 12.9285 8.27981 12.9285 8.625ZM9.23548 8.625C9.23548 8.97019 8.95579 9.25 8.61076 9.25H7.38215C7.03712 9.25 6.75743 8.97019 6.75743 8.625C6.75743 8.27981 7.03712 8 7.38215 8H8.61076C8.95576 8 9.23548 8.27981 9.23548 8.625ZM5.54962 12.3125C5.54962 12.6577 5.26993 12.9375 4.9249 12.9375H3.69629C3.35126 12.9375 3.07157 12.6577 3.07157 12.3125C3.07157 11.9673 3.35126 11.6875 3.69629 11.6875H4.9249C5.2699 11.6875 5.54962 11.9673 5.54962 12.3125ZM12.9285 12.3125C12.9285 12.6577 12.6488 12.9375 12.3037 12.9375H11.0751C10.7301 12.9375 10.4504 12.6577 10.4504 12.3125C10.4504 11.9673 10.7301 11.6875 11.0751 11.6875H12.3037C12.6487 11.6875 12.9285 11.9673 12.9285 12.3125ZM9.23548 12.3125C9.23548 12.6577 8.95579 12.9375 8.61076 12.9375H7.38215C7.03712 12.9375 6.75743 12.6577 6.75743 12.3125C6.75743 11.9673 7.03712 11.6875 7.38215 11.6875H8.61076C8.95576 11.6875 9.23548 11.9673 9.23548 12.3125Z\" fill=\"white\"><\/path><\/svg>\t\t\t\t\t\t<\/span>\n\t\t\t\t\t\t\t\t\t\t<span class=\"elementor-icon-list-text\">October 14, 2025<\/span>\n\t\t\t\t\t\t\t\t\t\t\t<\/a>\n\t\t\t\t\t\t\t\t\t<\/li>\n\t\t\t\t\t\t\t\t<li class=\"elementor-icon-list-item elementor-inline-item\">\n\t\t\t\t\t\t\t\t\t\t\t<a href=\"https:\/\/www.leansa.se\/en\/karriar-listing\/\">\n\n\t\t\t\t\t\t\t\t\t\t\t\t<span class=\"elementor-icon-list-icon\">\n\t\t\t\t\t\t\t<svg xmlns=\"http:\/\/www.w3.org\/2000\/svg\" width=\"14\" height=\"16\" viewbox=\"0 0 14 16\" fill=\"none\"><path d=\"M9.46766 10.3157C11.1291 7.70864 10.9202 8.03389 10.9681 7.96592C11.573 7.11276 11.8927 6.10862 11.8927 5.062C11.8927 2.28644 9.64034 0 6.86115 0C4.09101 0 1.82964 2.28193 1.82964 5.062C1.82964 6.10795 2.15605 7.13837 2.78075 8.00303L4.25458 10.3157C2.67881 10.5578 0 11.2795 0 12.8685C0 13.4477 0.378065 14.2732 2.17916 14.9164C3.4368 15.3656 5.09954 15.6129 6.86115 15.6129C10.1553 15.6129 13.7223 14.6837 13.7223 12.8685C13.7223 11.2792 11.0466 10.5583 9.46766 10.3157ZM3.5449 7.49985C3.53987 7.49198 3.53462 7.4843 3.52913 7.47673C3.0093 6.76159 2.74446 5.91404 2.74446 5.062C2.74446 2.77441 4.58648 0.91482 6.86115 0.91482C9.13109 0.91482 10.9778 2.77523 10.9778 5.062C10.9778 5.91541 10.718 6.7342 10.2263 7.4305C10.1822 7.48863 10.4121 7.13148 6.86115 12.7035L3.5449 7.49985ZM6.86115 14.6981C3.26304 14.6981 0.91482 13.6405 0.91482 12.8685C0.91482 12.3496 2.12141 11.4964 4.79512 11.1638L6.4754 13.8004C6.55938 13.9322 6.70484 14.012 6.86112 14.012C7.0174 14.012 7.16289 13.9322 7.24684 13.8004L8.92709 11.1638C11.6009 11.4964 12.8075 12.3496 12.8075 12.8685C12.8075 13.6339 10.4804 14.6981 6.86115 14.6981Z\" fill=\"white\"><\/path><path d=\"M6.86127 2.77496C5.60019 2.77496 4.57422 3.80093 4.57422 5.06201C4.57422 6.32309 5.60019 7.34906 6.86127 7.34906C8.12235 7.34906 9.14832 6.32309 9.14832 5.06201C9.14832 3.80093 8.12235 2.77496 6.86127 2.77496ZM6.86127 6.43424C6.10462 6.43424 5.48904 5.81866 5.48904 5.06201C5.48904 4.30537 6.10462 3.68978 6.86127 3.68978C7.61792 3.68978 8.2335 4.30537 8.2335 5.06201C8.2335 5.81866 7.61792 6.43424 6.86127 6.43424Z\" fill=\"white\"><\/path><\/svg>\t\t\t\t\t\t<\/span>\n\t\t\t\t\t\t\t\t\t\t<span class=\"elementor-icon-list-text\">Stockholm<\/span>\n\t\t\t\t\t\t\t\t\t\t\t<\/a>\n\t\t\t\t\t\t\t\t\t<\/li>\n\t\t\t\t\t\t<\/ul>\n\t\t\t\t\t\t<\/div>\n\t\t\t\t<\/div>\n\t\t\t\t<\/div>\n\t\t\t\t\t<\/div>\n\t\t\t\t<\/div>\n\t\t\t\t<\/div>","protected":false},"excerpt":{"rendered":"<p>Karri\u00e4r Vi s\u00f6ker en redovisningskonsult Stockholm<\/p>","protected":false},"author":1,"featured_media":0,"parent":0,"menu_order":0,"comment_status":"closed","ping_status":"closed","template":"elementor_header_footer","meta":{"_acf_changed":false,"footnotes":""},"class_list":["post-250","page","type-page","status-publish","hentry"],"acf":[],"yoast_head":"<!-- This site is optimized with the Yoast SEO plugin v26.5 - https:\/\/yoast.com\/wordpress\/plugins\/seo\/ -->\n<title>Careers | Work at Leansa \u2013 Accounting, payroll &amp; advisory<\/title>\n<meta name=\"description\" content=\"Looking to build your career in accounting, payroll or advisory? Explore current openings or submit an open application to Leansa and join our growing team.\" \/>\n<meta name=\"robots\" content=\"index, follow, max-snippet:-1, max-image-preview:large, max-video-preview:-1\" \/>\n<link rel=\"canonical\" href=\"https:\/\/www.leansa.se\/en\/karriar\/\" \/>\n<meta property=\"og:locale\" content=\"en_US\" \/>\n<meta property=\"og:type\" content=\"article\" \/>\n<meta property=\"og:title\" content=\"Karri\u00e4r | Jobba hos Leansa \u2013 Redovisning, l\u00f6n &amp; r\u00e5dgivning\" \/>\n<meta property=\"og:description\" content=\"Vill du jobba p\u00e5 en modern redovisningsbyr\u00e5? Se lediga tj\u00e4nster och skicka spontanans\u00f6kantill Leansa. En trygg arbetsplats med utvecklingsm\u00f6jligheter.\" \/>\n<meta property=\"og:url\" content=\"https:\/\/www.leansa.se\/en\/karriar\/\" \/>\n<meta property=\"og:site_name\" content=\"Leansa\" \/>\n<meta property=\"article:modified_time\" content=\"2025-12-04T23:40:40+00:00\" \/>\n<meta property=\"og:image\" content=\"https:\/\/www.leansa.se\/wp-content\/uploads\/2025\/10\/Rectangle-19980.png\" \/>\n<meta name=\"twitter:card\" content=\"summary_large_image\" \/>\n<meta name=\"twitter:label1\" content=\"Est. reading time\" \/>\n\t<meta name=\"twitter:data1\" content=\"1 minute\" \/>\n<script type=\"application\/ld+json\" class=\"yoast-schema-graph\">{\"@context\":\"https:\/\/schema.org\",\"@graph\":[{\"@type\":\"WebPage\",\"@id\":\"https:\/\/www.leansa.se\/karriar\/\",\"url\":\"https:\/\/www.leansa.se\/karriar\/\",\"name\":\"Karri\u00e4r | Jobba hos Leansa \u2013 Redovisning, l\u00f6n & r\u00e5dgivning\",\"isPartOf\":{\"@id\":\"https:\/\/www.leansa.se\/#website\"},\"primaryImageOfPage\":{\"@id\":\"https:\/\/www.leansa.se\/karriar\/#primaryimage\"},\"image\":{\"@id\":\"https:\/\/www.leansa.se\/karriar\/#primaryimage\"},\"thumbnailUrl\":\"https:\/\/www.leansa.se\/wp-content\/uploads\/2025\/10\/Rectangle-19980.png\",\"datePublished\":\"2025-10-14T00:16:35+00:00\",\"dateModified\":\"2025-12-04T23:40:40+00:00\",\"description\":\"Vill du jobba p\u00e5 en modern redovisningsbyr\u00e5? Se lediga tj\u00e4nster och skicka spontanans\u00f6kantill Leansa. En trygg arbetsplats med utvecklingsm\u00f6jligheter.\",\"breadcrumb\":{\"@id\":\"https:\/\/www.leansa.se\/karriar\/#breadcrumb\"},\"inLanguage\":\"en-US\",\"potentialAction\":[{\"@type\":\"ReadAction\",\"target\":[\"https:\/\/www.leansa.se\/karriar\/\"]}]},{\"@type\":\"ImageObject\",\"inLanguage\":\"en-US\",\"@id\":\"https:\/\/www.leansa.se\/karriar\/#primaryimage\",\"url\":\"https:\/\/www.leansa.se\/wp-content\/uploads\/2025\/10\/Rectangle-19980.png\",\"contentUrl\":\"https:\/\/www.leansa.se\/wp-content\/uploads\/2025\/10\/Rectangle-19980.png\"},{\"@type\":\"BreadcrumbList\",\"@id\":\"https:\/\/www.leansa.se\/karriar\/#breadcrumb\",\"itemListElement\":[{\"@type\":\"ListItem\",\"position\":1,\"name\":\"Home\",\"item\":\"https:\/\/www.leansa.se\/\"},{\"@type\":\"ListItem\",\"position\":2,\"name\":\"Karri\u00e4r\"}]},{\"@type\":\"WebSite\",\"@id\":\"https:\/\/www.leansa.se\/#website\",\"url\":\"https:\/\/www.leansa.se\/\",\"name\":\"Leansa\",\"description\":\"\",\"potentialAction\":[{\"@type\":\"SearchAction\",\"target\":{\"@type\":\"EntryPoint\",\"urlTemplate\":\"https:\/\/www.leansa.se\/?s={search_term_string}\"},\"query-input\":{\"@type\":\"PropertyValueSpecification\",\"valueRequired\":true,\"valueName\":\"search_term_string\"}}],\"inLanguage\":\"en-US\"}]}<\/script>\n<!-- \/ Yoast SEO plugin. -->","yoast_head_json":{"title":"Careers | Work at Leansa \u2013 Accounting, payroll & advisory","description":"Looking to build your career in accounting, payroll or advisory? Explore current openings or submit an open application to Leansa and join our growing team.","robots":{"index":"index","follow":"follow","max-snippet":"max-snippet:-1","max-image-preview":"max-image-preview:large","max-video-preview":"max-video-preview:-1"},"canonical":"https:\/\/www.leansa.se\/en\/karriar\/","og_locale":"en_US","og_type":"article","og_title":"Karri\u00e4r | Jobba hos Leansa \u2013 Redovisning, l\u00f6n & r\u00e5dgivning","og_description":"Vill du jobba p\u00e5 en modern redovisningsbyr\u00e5? Se lediga tj\u00e4nster och skicka spontanans\u00f6kantill Leansa. En trygg arbetsplats med utvecklingsm\u00f6jligheter.","og_url":"https:\/\/www.leansa.se\/en\/karriar\/","og_site_name":"Leansa","article_modified_time":"2025-12-04T23:40:40+00:00","og_image":[{"url":"https:\/\/www.leansa.se\/wp-content\/uploads\/2025\/10\/Rectangle-19980.png","type":"","width":"","height":""}],"twitter_card":"summary_large_image","twitter_misc":{"Est. reading time":"1 minute"},"schema":{"@context":"https:\/\/schema.org","@graph":[{"@type":"WebPage","@id":"https:\/\/www.leansa.se\/karriar\/","url":"https:\/\/www.leansa.se\/karriar\/","name":"Karri\u00e4r | Jobba hos Leansa \u2013 Redovisning, l\u00f6n & r\u00e5dgivning","isPartOf":{"@id":"https:\/\/www.leansa.se\/#website"},"primaryImageOfPage":{"@id":"https:\/\/www.leansa.se\/karriar\/#primaryimage"},"image":{"@id":"https:\/\/www.leansa.se\/karriar\/#primaryimage"},"thumbnailUrl":"https:\/\/www.leansa.se\/wp-content\/uploads\/2025\/10\/Rectangle-19980.png","datePublished":"2025-10-14T00:16:35+00:00","dateModified":"2025-12-04T23:40:40+00:00","description":"Vill du jobba p\u00e5 en modern redovisningsbyr\u00e5? Se lediga tj\u00e4nster och skicka spontanans\u00f6kantill Leansa. En trygg arbetsplats med utvecklingsm\u00f6jligheter.","breadcrumb":{"@id":"https:\/\/www.leansa.se\/karriar\/#breadcrumb"},"inLanguage":"en-US","potentialAction":[{"@type":"ReadAction","target":["https:\/\/www.leansa.se\/karriar\/"]}]},{"@type":"ImageObject","inLanguage":"en-US","@id":"https:\/\/www.leansa.se\/karriar\/#primaryimage","url":"https:\/\/www.leansa.se\/wp-content\/uploads\/2025\/10\/Rectangle-19980.png","contentUrl":"https:\/\/www.leansa.se\/wp-content\/uploads\/2025\/10\/Rectangle-19980.png"},{"@type":"BreadcrumbList","@id":"https:\/\/www.leansa.se\/karriar\/#breadcrumb","itemListElement":[{"@type":"ListItem","position":1,"name":"Home","item":"https:\/\/www.leansa.se\/"},{"@type":"ListItem","position":2,"name":"Karri\u00e4r"}]},{"@type":"WebSite","@id":"https:\/\/www.leansa.se\/#website","url":"https:\/\/www.leansa.se\/","name":"Leansa","description":"","potentialAction":[{"@type":"SearchAction","target":{"@type":"EntryPoint","urlTemplate":"https:\/\/www.leansa.se\/?s={search_term_string}"},"query-input":{"@type":"PropertyValueSpecification","valueRequired":true,"valueName":"search_term_string"}}],"inLanguage":"en-US"}]}},"_links":{"self":[{"href":"https:\/\/www.leansa.se\/en\/wp-json\/wp\/v2\/pages\/250","targetHints":{"allow":["GET"]}}],"collection":[{"href":"https:\/\/www.leansa.se\/en\/wp-json\/wp\/v2\/pages"}],"about":[{"href":"https:\/\/www.leansa.se\/en\/wp-json\/wp\/v2\/types\/page"}],"author":[{"embeddable":true,"href":"https:\/\/www.leansa.se\/en\/wp-json\/wp\/v2\/users\/1"}],"replies":[{"embeddable":true,"href":"https:\/\/www.leansa.se\/en\/wp-json\/wp\/v2\/comments?post=250"}],"version-history":[{"count":36,"href":"https:\/\/www.leansa.se\/en\/wp-json\/wp\/v2\/pages\/250\/revisions"}],"predecessor-version":[{"id":635,"href":"https:\/\/www.leansa.se\/en\/wp-json\/wp\/v2\/pages\/250\/revisions\/635"}],"wp:attachment":[{"href":"https:\/\/www.leansa.se\/en\/wp-json\/wp\/v2\/media?parent=250"}],"curies":[{"name":"wp","href":"https:\/\/api.w.org\/{rel}","templated":true}]}}